{"id":524,"date":"2021-01-12T02:08:26","date_gmt":"2021-01-12T07:08:26","guid":{"rendered":"https:\/\/shaevitzandshaevitz.com\/?page_id=524"},"modified":"2026-01-12T17:07:26","modified_gmt":"2026-01-12T22:07:26","slug":"referencias-de-abogados","status":"publish","type":"page","link":"https:\/\/shaevitzandshaevitz.com\/es\/attorney-referrals\/","title":{"rendered":"Remisiones de abogados"},"content":{"rendered":"<section class=\"section\" id=\"section_1691671948\">\n\t\t<div class=\"section-bg fill\" >\n\t\t\t\t\t\t\t\t\t\n\t\t\t\n\n\t\t<\/div>\n\n\t\t\n\n\t\t<div class=\"section-content relative\">\n\t\t\t\n<div class=\"row\" style=\"max-width:1200px\" id=\"row-995688772\">\n\n\t<div id=\"col-1639902316\" class=\"col medium-12 small-12 large-7\"  >\n\t\t\t\t<div class=\"col-inner\"  >\n\t\t\t\n\t\t\t\n\t<div id=\"text-2472746200\" class=\"text\">\n\t\t\n<h1><span style=\"font-size: 100%;\">Remisiones de abogados<\/span><\/h1>\n\t\t\n<style>\n#text-2472746200 {\n  font-size: 2.5rem;\n}\n@media (min-width:550px) {\n  #text-2472746200 {\n    font-size: 3rem;\n  }\n}\n<\/style>\n\t<\/div>\n\t\n\t<div id=\"text-1639968891\" class=\"text\">\n\t\t\n<div class=\"totalbusiness-title-item\">\n<div class=\"totalbusiness-item-title-wrapper totalbusiness-itemtotalbusiness-left totalbusiness-small\">\n<div class=\"totalbusiness-item-title-container container\">\n<div class=\"totalbusiness-item-title-head\">\n<p>Shaevitz &amp; Shaevitz acepta remisiones de casos y participa en acuerdos de honorarios compartidos con todo tipo de abogados y bufetes de Nueva York. Tambi\u00e9n participamos en empresas conjuntas en casos con abogados y bufetes que desean desempe\u00f1ar un papel m\u00e1s activo en el litigio.<\/p>\n<p>A trav\u00e9s de estas relaciones, nuestros objetivos son beneficiar al cliente maximizando su recuperaci\u00f3n, y desempe\u00f1ar un papel de colaboraci\u00f3n con los abogados y bufetes que nos remitieron el caso, proporcionando al mismo tiempo una compensaci\u00f3n justa y adecuada por sus remisiones.<\/p>\n<p>Trabajamos con diligencia y nos enorgullecemos de todas nuestras referencias y relaciones de joint-venture. La compensaci\u00f3n por remisi\u00f3n se determina caso por caso. Algunos de los factores que se tienen en cuenta a la hora de determinar un porcentaje adecuado de reparto de honorarios son: el tipo de caso de lesiones, la cantidad de riesgo que cada parte est\u00e1 dispuesta a asumir, los costes previstos, el nivel deseado de implicaci\u00f3n del abogado o bufete remitente y la fase del litigio en la que se encuentra el caso.<\/p>\n<p>Shaevitz &amp; Shaevitz siempre ha sido capaz de llegar a un acuerdo justo de reparto de honorarios con los abogados y bufetes de abogados de referencia. Si desea trabajar con nosotros, no dude en rellenar el siguiente formulario de contacto o ll\u00e1menos directamente al (718) 291-3400 o (718) LAW-SUIT. Esperamos poder trabajar con usted.<\/p>\n<\/div>\n<\/div>\n<\/div>\n<\/div>\n\t\t\n<style>\n#text-1639968891 {\n  font-size: 1.1rem;\n}\n<\/style>\n\t<\/div>\n\t\n\t\t<\/div>\n\t\t\t\t\n<style>\n#col-1639902316 > .col-inner {\n  padding: 0px 0px 0px 0;\n}\n@media (min-width:550px) {\n  #col-1639902316 > .col-inner {\n    padding: 0px 0px 0px 30px;\n  }\n}\n<\/style>\n\t<\/div>\n\n\t\n\n\t<div id=\"col-789822743\" class=\"col medium-12 small-12 large-5\"  >\n\t\t\t\t<div class=\"col-inner\"  >\n\t\t\t\n\t\t\t\n\n  <div class=\"banner has-hover\" id=\"banner-219301274\">\n          <div class=\"banner-inner fill\">\n        <div class=\"banner-bg fill\" >\n            <img loading=\"lazy\" decoding=\"async\" width=\"560\" height=\"375\" src=\"https:\/\/shaevitzandshaevitz.com\/wp-content\/uploads\/2020\/11\/Shaevitz-Shaevitz-New-York-Personal-Injury-Lawyers-New-York-Magazine-Feature.jpg\" class=\"bg attachment-large size-large\" alt=\"Shaevitz &amp; Shaevitz - New York Personal Injury Lawyers - New York Magazine Feature\" \/>                                    \n                    <\/div>\n\t\t\n        <div class=\"banner-layers container\">\n            <div class=\"fill banner-link\"><\/div>            \n        <\/div>\n      <\/div>\n\n            \n<style>\n#banner-219301274 {\n  padding-top: 300px;\n  background-color: rgb(255, 255, 255);\n}\n@media (min-width:550px) {\n  #banner-219301274 {\n    padding-top: 500px;\n  }\n}\n@media (min-width:850px) {\n  #banner-219301274 {\n    padding-top: 375px;\n  }\n}\n<\/style>\n  <\/div>\n\n\n\n<div class=\"wpcf7 no-js\" id=\"wpcf7-f525-o1\" lang=\"en-US\" dir=\"ltr\" data-wpcf7-id=\"525\">\n<div class=\"screen-reader-response\"><p role=\"status\" aria-live=\"polite\" aria-atomic=\"true\"><\/p> <ul><\/ul><\/div>\n<form action=\"\/es\/wp-json\/wp\/v2\/pages\/524#wpcf7-f525-o1\" method=\"post\" class=\"wpcf7-form init\" aria-label=\"Formulario de contacto\" novalidate=\"novalidate\" data-status=\"init\" data-trp-original-action=\"\/es\/wp-json\/wp\/v2\/pages\/524#wpcf7-f525-o1\">\n<fieldset class=\"hidden-fields-container\"><input type=\"hidden\" name=\"_wpcf7\" value=\"525\" \/><input type=\"hidden\" name=\"_wpcf7_version\" value=\"6.1.5\" \/><input type=\"hidden\" name=\"_wpcf7_locale\" value=\"en_US\" \/><input type=\"hidden\" name=\"_wpcf7_unit_tag\" value=\"wpcf7-f525-o1\" \/><input type=\"hidden\" name=\"_wpcf7_container_post\" value=\"0\" \/><input type=\"hidden\" name=\"_wpcf7_posted_data_hash\" value=\"\" \/>\n<\/fieldset>\n<center>\n\t<h3>REFERENCIAS DE ABOGADOS\n\t<\/h3>\n\t<p><span style=\"color: #ffffff;\">Shaevitz y Shaevitz puede ayudar en los casos en cualquier etapa del litigio. Rellene el formulario para empezar.<\/span>\n\t<\/p>\n<\/center>\n<center>\n\t<p><span class=\"wpcf7-form-control-wrap\" data-name=\"your-name\"><input size=\"40\" maxlength=\"400\" class=\"wpcf7-form-control wpcf7-text wpcf7-validates-as-required\" aria-required=\"true\" aria-invalid=\"false\" placeholder=\"Nombre\" value=\"\" type=\"text\" name=\"your-name\" \/><\/span>\n\t<\/p>\n\t<p><span class=\"wpcf7-form-control-wrap\" data-name=\"your-email\"><input size=\"40\" maxlength=\"400\" class=\"wpcf7-form-control wpcf7-email wpcf7-validates-as-required wpcf7-text wpcf7-validates-as-email\" aria-required=\"true\" aria-invalid=\"false\" placeholder=\"Correo electr\u00f3nico\" value=\"\" type=\"email\" name=\"your-email\" \/><\/span>\n\t<\/p>\n\t<p><span class=\"wpcf7-form-control-wrap\" data-name=\"tel-545\"><input size=\"40\" maxlength=\"400\" class=\"wpcf7-form-control wpcf7-tel wpcf7-text wpcf7-validates-as-tel\" aria-invalid=\"false\" placeholder=\"Su n\u00famero de tel\u00e9fono\" value=\"\" type=\"tel\" name=\"tel-545\" \/><\/span>\n\t<\/p>\n\t<p><span class=\"wpcf7-form-control-wrap\" data-name=\"your-message\"><textarea cols=\"40\" rows=\"10\" maxlength=\"2000\" class=\"wpcf7-form-control wpcf7-textarea\" aria-invalid=\"false\" placeholder=\"\u00bfC\u00f3mo podemos ayudarle?\" name=\"your-message\"><\/textarea><\/span>\n\t<\/p>\n\t<p><input class=\"wpcf7-form-control wpcf7-submit has-spinner button\" type=\"submit\" value=\"Enviar solicitud\" \/>\n\t<\/p>\n<\/center><input\n                    class=\"apbct_special_field apbct_email_id__wp_contact_form_7\"\n                    name=\"apbct__email_id__wp_contact_form_7\"\n                    aria-label=\"apbct__label_id__wp_contact_form_7\"\n                    type=\"text\" size=\"30\" maxlength=\"200\" autocomplete=\"off\"\n                    value=\"\"\n                \/><div class=\"wpcf7-response-output\" aria-hidden=\"true\"><\/div>\n<input type=\"hidden\" name=\"trp-form-language\" value=\"es\"\/><\/form>\n<\/div>\n\n\t\t<\/div>\n\t\t\t\t\t<\/div>\n\n\t\n<\/div>\n\t\t<\/div>\n\n\t\t\n<style>\n#section_1691671948 {\n  padding-top: 30px;\n  padding-bottom: 30px;\n  min-height: 300px;\n}\n@media (min-width:550px) {\n  #section_1691671948 {\n    min-height: 450px;\n  }\n}\n@media (min-width:850px) {\n  #section_1691671948 {\n    min-height: 500px;\n  }\n}\n<\/style>\n\t<\/section>\n\t\n\n\t<section class=\"section dark\" id=\"section_649619511\">\n\t\t<div class=\"section-bg fill\" >\n\t\t\t\t\t\t\t\t\t\n\t\t\t\n\n\t\t<\/div>\n\n\t\t\n\n\t\t<div class=\"section-content relative\">\n\t\t\t\n\t<div id=\"gap-940439709\" class=\"gap-element clearfix\" style=\"display:block; height:auto;\">\n\t\t\n<style>\n#gap-940439709 {\n  padding-top: 30px;\n}\n<\/style>\n\t<\/div>\n\t\n<div class=\"row align-bottom\" style=\"max-width:1200px\" id=\"row-1347274986\">\n\n\t<div id=\"col-541989740\" class=\"col medium-12 small-12 large-6\"  >\n\t\t\t\t<div class=\"col-inner\"  >\n\t\t\t\n\t\t\t\n\t<div id=\"text-317608669\" class=\"text\">\n\t\t\n<h6>P\u00f3ngase en contacto con nosotros<\/h6>\n\t\t\n<style>\n#text-317608669 {\n  font-size: 1.1rem;\n  text-align: left;\n}\n<\/style>\n\t<\/div>\n\t\n\t<div id=\"text-2597014495\" class=\"text\">\n\t\t\n<h2>\u00bfTiene alguna pregunta? Ll\u00e1manos<\/h2>\n\t\t\n<style>\n#text-2597014495 {\n  font-size: 2rem;\n}\n@media (min-width:550px) {\n  #text-2597014495 {\n    font-size: 1.5rem;\n  }\n}\n<\/style>\n\t<\/div>\n\t\n\t\t<\/div>\n\t\t\t\t\t<\/div>\n\n\t\n\n\t<div id=\"col-767009501\" class=\"col medium-12 small-12 large-6\"  >\n\t\t\t\t<div class=\"col-inner\"  >\n\t\t\t\n\t\t\t\n<a href=\"tel:17182913400\" class=\"button primary expand\" style=\"padding:5px 0px 5px 0px;\">\n\t<i class=\"icon-phone\" aria-hidden=\"true\"><\/i>\t<span>Llame ahora para hablar con un abogado<\/span>\n\t<\/a>\n\n\t\t<\/div>\n\t\t\t\t\n<style>\n#col-767009501 > .col-inner {\n  padding: 0px 0px 0px 0;\n  margin: -0 0px 0px 0px;\n}\n@media (min-width:850px) {\n  #col-767009501 > .col-inner {\n    padding: 0px 0px 0px 30px;\n    margin: -70px 0px 0px 0px;\n  }\n}\n<\/style>\n\t<\/div>\n\n\t\n<\/div>\n\t\t<\/div>\n\n\t\t\n<style>\n#section_649619511 {\n  padding-top: 30px;\n  padding-bottom: 30px;\n  background-color: #2c82de;\n}\n<\/style>\n\t<\/section>","protected":false},"excerpt":{"rendered":"","protected":false},"author":5,"featured_media":523,"parent":0,"menu_order":0,"comment_status":"closed","ping_status":"closed","template":"","meta":{"rop_custom_images_group":[],"rop_custom_messages_group":[],"rop_publish_now":"initial","rop_publish_now_accounts":{"gmb_102881417945905937602_accounts\/102881417945905937602\/locations\/15518117445138064392":"","facebook_777675450006584_566514840033997":"","linkedin_AL8m-NxfCJ_11809911":"","twitter_1351917660339113984_1351917660339113984":""},"rop_publish_now_history":[],"rop_publish_now_status":"pending","footnotes":""},"class_list":["post-524","page","type-page","status-publish","has-post-thumbnail","hentry"],"yoast_head":"<!-- This site is optimized with the Yoast SEO plugin v27.1.1 - https:\/\/yoast.com\/product\/yoast-seo-wordpress\/ -->\n<title>Attorney Referrals | New York Injury Lawyers | Shaevitz &amp; Shaevitz<\/title>\n<meta name=\"description\" content=\"We accept attorney referrals from law firms and lawyers Worldwide. Shaevitz &amp; Shaevitz has paid out millions of dollars in fees for attorney referrals.\" \/>\n<meta name=\"robots\" content=\"index, follow, max-snippet:-1, max-image-preview:large, max-video-preview:-1\" \/>\n<link rel=\"canonical\" href=\"https:\/\/shaevitzandshaevitz.com\/es\/referencias-de-abogados\/\" \/>\n<meta property=\"og:locale\" content=\"es_ES\" \/>\n<meta property=\"og:type\" content=\"article\" \/>\n<meta property=\"og:title\" content=\"Attorney Referrals | New York Injury Lawyers | Shaevitz &amp; Shaevitz\" \/>\n<meta property=\"og:description\" content=\"We accept attorney referrals from law firms and lawyers Worldwide. Shaevitz &amp; Shaevitz has paid out millions of dollars in fees for attorney referrals.\" \/>\n<meta property=\"og:url\" content=\"https:\/\/shaevitzandshaevitz.com\/es\/referencias-de-abogados\/\" \/>\n<meta property=\"og:site_name\" content=\"Shaevitz &amp; Shaevitz Law Offices\" \/>\n<meta property=\"article:modified_time\" content=\"2026-01-12T22:07:26+00:00\" \/>\n<meta property=\"og:image\" content=\"https:\/\/shaevitzandshaevitz.com\/wp-content\/uploads\/2021\/01\/Attorney-Referrals-Shaevitz-Shaevitz.jpg\" \/>\n\t<meta property=\"og:image:width\" content=\"1400\" \/>\n\t<meta property=\"og:image:height\" content=\"500\" \/>\n\t<meta property=\"og:image:type\" content=\"image\/jpeg\" \/>\n<meta name=\"twitter:card\" content=\"summary_large_image\" \/>\n<meta name=\"twitter:label1\" content=\"Tiempo de lectura\" \/>\n\t<meta name=\"twitter:data1\" content=\"2 minutos\" \/>\n<script type=\"application\/ld+json\" class=\"yoast-schema-graph\">{\"@context\":\"https:\/\/schema.org\",\"@graph\":[{\"@type\":\"WebPage\",\"@id\":\"https:\/\/shaevitzandshaevitz.com\/attorney-referrals\/\",\"url\":\"https:\/\/shaevitzandshaevitz.com\/attorney-referrals\/\",\"name\":\"Attorney Referrals | New York Injury Lawyers | Shaevitz & Shaevitz\",\"isPartOf\":{\"@id\":\"https:\/\/shaevitzandshaevitz.com\/#website\"},\"primaryImageOfPage\":{\"@id\":\"https:\/\/shaevitzandshaevitz.com\/attorney-referrals\/#primaryimage\"},\"image\":{\"@id\":\"https:\/\/shaevitzandshaevitz.com\/attorney-referrals\/#primaryimage\"},\"thumbnailUrl\":\"https:\/\/shaevitzandshaevitz.com\/wp-content\/uploads\/2021\/01\/Attorney-Referrals-Shaevitz-Shaevitz.jpg\",\"datePublished\":\"2021-01-12T07:08:26+00:00\",\"dateModified\":\"2026-01-12T22:07:26+00:00\",\"description\":\"We accept attorney referrals from law firms and lawyers Worldwide. Shaevitz & Shaevitz has paid out millions of dollars in fees for attorney referrals.\",\"breadcrumb\":{\"@id\":\"https:\/\/shaevitzandshaevitz.com\/attorney-referrals\/#breadcrumb\"},\"inLanguage\":\"es\",\"potentialAction\":[{\"@type\":\"ReadAction\",\"target\":[\"https:\/\/shaevitzandshaevitz.com\/attorney-referrals\/\"]}]},{\"@type\":\"ImageObject\",\"inLanguage\":\"es\",\"@id\":\"https:\/\/shaevitzandshaevitz.com\/attorney-referrals\/#primaryimage\",\"url\":\"https:\/\/shaevitzandshaevitz.com\/wp-content\/uploads\/2021\/01\/Attorney-Referrals-Shaevitz-Shaevitz.jpg\",\"contentUrl\":\"https:\/\/shaevitzandshaevitz.com\/wp-content\/uploads\/2021\/01\/Attorney-Referrals-Shaevitz-Shaevitz.jpg\",\"width\":1400,\"height\":500,\"caption\":\"Attorney-Referrals-Shaevitz & Shaevitz\"},{\"@type\":\"BreadcrumbList\",\"@id\":\"https:\/\/shaevitzandshaevitz.com\/attorney-referrals\/#breadcrumb\",\"itemListElement\":[{\"@type\":\"ListItem\",\"position\":1,\"name\":\"Home\",\"item\":\"https:\/\/shaevitzandshaevitz.com\/\"},{\"@type\":\"ListItem\",\"position\":2,\"name\":\"Attorney Referrals\"}]},{\"@type\":\"WebSite\",\"@id\":\"https:\/\/shaevitzandshaevitz.com\/#website\",\"url\":\"https:\/\/shaevitzandshaevitz.com\/\",\"name\":\"Shaevitz &amp; Shaevitz Law Offices\",\"description\":\"Queens Injury Lawyers\",\"publisher\":{\"@id\":\"https:\/\/shaevitzandshaevitz.com\/#organization\"},\"potentialAction\":[{\"@type\":\"SearchAction\",\"target\":{\"@type\":\"EntryPoint\",\"urlTemplate\":\"https:\/\/shaevitzandshaevitz.com\/?s={search_term_string}\"},\"query-input\":{\"@type\":\"PropertyValueSpecification\",\"valueRequired\":true,\"valueName\":\"search_term_string\"}}],\"inLanguage\":\"es\"},{\"@type\":\"Organization\",\"@id\":\"https:\/\/shaevitzandshaevitz.com\/#organization\",\"name\":\"Shaevitz & Shaevitz Law Offices\",\"url\":\"https:\/\/shaevitzandshaevitz.com\/\",\"logo\":{\"@type\":\"ImageObject\",\"inLanguage\":\"es\",\"@id\":\"https:\/\/shaevitzandshaevitz.com\/#\/schema\/logo\/image\/\",\"url\":\"https:\/\/shaevitzandshaevitz.com\/wp-content\/uploads\/2021\/01\/Shaevitz-Shaevitz-Icon-scaled-e1609832556903.jpg\",\"contentUrl\":\"https:\/\/shaevitzandshaevitz.com\/wp-content\/uploads\/2021\/01\/Shaevitz-Shaevitz-Icon-scaled-e1609832556903.jpg\",\"width\":600,\"height\":600,\"caption\":\"Shaevitz & Shaevitz Law Offices\"},\"image\":{\"@id\":\"https:\/\/shaevitzandshaevitz.com\/#\/schema\/logo\/image\/\"}}]}<\/script>\n<!-- \/ Yoast SEO plugin. -->","yoast_head_json":{"title":"Referencias de Abogados | Nueva York Abogados de Lesiones | Shaevitz &amp; Shaevitz","description":"Aceptamos referencias de abogados de bufetes de abogados y abogados en todo el mundo. Shaevitz &amp; Shaevitz ha pagado millones de d\u00f3lares en honorarios por referencias de abogados.","robots":{"index":"index","follow":"follow","max-snippet":"max-snippet:-1","max-image-preview":"max-image-preview:large","max-video-preview":"max-video-preview:-1"},"canonical":"https:\/\/shaevitzandshaevitz.com\/es\/referencias-de-abogados\/","og_locale":"es_ES","og_type":"article","og_title":"Attorney Referrals | New York Injury Lawyers | Shaevitz & Shaevitz","og_description":"We accept attorney referrals from law firms and lawyers Worldwide. Shaevitz & Shaevitz has paid out millions of dollars in fees for attorney referrals.","og_url":"https:\/\/shaevitzandshaevitz.com\/es\/referencias-de-abogados\/","og_site_name":"Shaevitz &amp; Shaevitz Law Offices","article_modified_time":"2026-01-12T22:07:26+00:00","og_image":[{"width":1400,"height":500,"url":"https:\/\/shaevitzandshaevitz.com\/wp-content\/uploads\/2021\/01\/Attorney-Referrals-Shaevitz-Shaevitz.jpg","type":"image\/jpeg"}],"twitter_card":"summary_large_image","twitter_misc":{"Tiempo de lectura":"2 minutos"},"schema":{"@context":"https:\/\/schema.org","@graph":[{"@type":"WebPage","@id":"https:\/\/shaevitzandshaevitz.com\/attorney-referrals\/","url":"https:\/\/shaevitzandshaevitz.com\/attorney-referrals\/","name":"Referencias de Abogados | Nueva York Abogados de Lesiones | Shaevitz &amp; Shaevitz","isPartOf":{"@id":"https:\/\/shaevitzandshaevitz.com\/#website"},"primaryImageOfPage":{"@id":"https:\/\/shaevitzandshaevitz.com\/attorney-referrals\/#primaryimage"},"image":{"@id":"https:\/\/shaevitzandshaevitz.com\/attorney-referrals\/#primaryimage"},"thumbnailUrl":"https:\/\/shaevitzandshaevitz.com\/wp-content\/uploads\/2021\/01\/Attorney-Referrals-Shaevitz-Shaevitz.jpg","datePublished":"2021-01-12T07:08:26+00:00","dateModified":"2026-01-12T22:07:26+00:00","description":"Aceptamos referencias de abogados de bufetes de abogados y abogados en todo el mundo. Shaevitz &amp; Shaevitz ha pagado millones de d\u00f3lares en honorarios por referencias de abogados.","breadcrumb":{"@id":"https:\/\/shaevitzandshaevitz.com\/attorney-referrals\/#breadcrumb"},"inLanguage":"es","potentialAction":[{"@type":"ReadAction","target":["https:\/\/shaevitzandshaevitz.com\/attorney-referrals\/"]}]},{"@type":"ImageObject","inLanguage":"es","@id":"https:\/\/shaevitzandshaevitz.com\/attorney-referrals\/#primaryimage","url":"https:\/\/shaevitzandshaevitz.com\/wp-content\/uploads\/2021\/01\/Attorney-Referrals-Shaevitz-Shaevitz.jpg","contentUrl":"https:\/\/shaevitzandshaevitz.com\/wp-content\/uploads\/2021\/01\/Attorney-Referrals-Shaevitz-Shaevitz.jpg","width":1400,"height":500,"caption":"Attorney-Referrals-Shaevitz & Shaevitz"},{"@type":"BreadcrumbList","@id":"https:\/\/shaevitzandshaevitz.com\/attorney-referrals\/#breadcrumb","itemListElement":[{"@type":"ListItem","position":1,"name":"Home","item":"https:\/\/shaevitzandshaevitz.com\/"},{"@type":"ListItem","position":2,"name":"Attorney Referrals"}]},{"@type":"WebSite","@id":"https:\/\/shaevitzandshaevitz.com\/#website","url":"https:\/\/shaevitzandshaevitz.com\/","name":"Shaevitz &amp; Shaevitz Law Offices","description":"Abogados de lesiones de Queens","publisher":{"@id":"https:\/\/shaevitzandshaevitz.com\/#organization"},"potentialAction":[{"@type":"SearchAction","target":{"@type":"EntryPoint","urlTemplate":"https:\/\/shaevitzandshaevitz.com\/?s={search_term_string}"},"query-input":{"@type":"PropertyValueSpecification","valueRequired":true,"valueName":"search_term_string"}}],"inLanguage":"es"},{"@type":"Organization","@id":"https:\/\/shaevitzandshaevitz.com\/#organization","name":"Shaevitz &amp; Shaevitz Law Offices","url":"https:\/\/shaevitzandshaevitz.com\/","logo":{"@type":"ImageObject","inLanguage":"es","@id":"https:\/\/shaevitzandshaevitz.com\/#\/schema\/logo\/image\/","url":"https:\/\/shaevitzandshaevitz.com\/wp-content\/uploads\/2021\/01\/Shaevitz-Shaevitz-Icon-scaled-e1609832556903.jpg","contentUrl":"https:\/\/shaevitzandshaevitz.com\/wp-content\/uploads\/2021\/01\/Shaevitz-Shaevitz-Icon-scaled-e1609832556903.jpg","width":600,"height":600,"caption":"Shaevitz & Shaevitz Law Offices"},"image":{"@id":"https:\/\/shaevitzandshaevitz.com\/#\/schema\/logo\/image\/"}}]}},"_links":{"self":[{"href":"https:\/\/shaevitzandshaevitz.com\/es\/wp-json\/wp\/v2\/pages\/524","targetHints":{"allow":["GET"]}}],"collection":[{"href":"https:\/\/shaevitzandshaevitz.com\/es\/wp-json\/wp\/v2\/pages"}],"about":[{"href":"https:\/\/shaevitzandshaevitz.com\/es\/wp-json\/wp\/v2\/types\/page"}],"author":[{"embeddable":true,"href":"https:\/\/shaevitzandshaevitz.com\/es\/wp-json\/wp\/v2\/users\/5"}],"replies":[{"embeddable":true,"href":"https:\/\/shaevitzandshaevitz.com\/es\/wp-json\/wp\/v2\/comments?post=524"}],"version-history":[{"count":0,"href":"https:\/\/shaevitzandshaevitz.com\/es\/wp-json\/wp\/v2\/pages\/524\/revisions"}],"wp:featuredmedia":[{"embeddable":true,"href":"https:\/\/shaevitzandshaevitz.com\/es\/wp-json\/wp\/v2\/media\/523"}],"wp:attachment":[{"href":"https:\/\/shaevitzandshaevitz.com\/es\/wp-json\/wp\/v2\/media?parent=524"}],"curies":[{"name":"wp","href":"https:\/\/api.w.org\/{rel}","templated":true}]}}