{"id":355,"date":"2021-01-04T12:18:56","date_gmt":"2021-01-04T17:18:56","guid":{"rendered":"https:\/\/shaevitzandshaevitz.com\/?page_id=355"},"modified":"2021-01-27T03:52:20","modified_gmt":"2021-01-27T08:52:20","slug":"lesiones-medulares","status":"publish","type":"page","link":"https:\/\/shaevitzandshaevitz.com\/es\/spinal-cord-injury-overview\/","title":{"rendered":"Lesi\u00f3n medular"},"content":{"rendered":"<div class=\"row\"  id=\"row-322244593\">\n\n\t<div id=\"col-1149329129\" class=\"col medium-8 small-12 large-8\"  >\n\t\t\t\t<div class=\"col-inner\"  >\n\t\t\t\n\t\t\t\n<h1>Spinal Cord Injury Overview<\/h1>\n<p><b>If you or someone you love suffered an injury to their spine, it can be <\/b><span style=\"font-size: 14.4px;\"><b>devastating<\/b><\/span><b> physically, emotionally and financially. If your spinal cord injury was the result of someone else&#8217;s negligence, you may be able to recover compensation for your injuries. Watch this video by experience spinal cord injury attorney Mark Shaevitz to learn more about your rights.<\/b><\/p>\n<div class=\"video video-fit mb\" style=\"padding-top:56.25%;\"><p><iframe loading=\"lazy\" title=\"Spinal Cord Injuries\" width=\"1020\" height=\"574\" src=\"https:\/\/www.youtube.com\/embed\/8e4ZNLxV-xg?wmode=transparent&amp;rel=0&amp;feature=oembed\" frameborder=\"0\" allow=\"accelerometer; autoplay; clipboard-write; encrypted-media; gyroscope; picture-in-picture\" allowfullscreen><\/iframe><\/p>\n<\/div>\n<p>Spinal cord injuries are very serious and traumatic injuries which sometimes have lifelong consequences for the injured person.<\/p>\n<p>An experienced personal injury attorney can make sure that you&#8217;re collecting whenever possible for future medical bills, future wages, and money for pain and suffering that you have as a result of that spinal cord injury.<\/p>\n<p>Spinal cord injuries can have effects that are temporary or permanent. In either case, a spine injury may require extensive medical treatment and physical therapy. Additionally, people who incur spinal cord injuries may be unable to work and may develop depression and other emotional and mental difficulties.<\/p>\n<p>If you or someone you love has suffered a spinal cord injury due to the negligence of another party, schedule a <a href=\"https:\/\/shaevitzandshaevitz.com\/contact-us\/\">free consultation<\/a> with an experienced <a href=\"https:\/\/shaevitzandshaevitz.com\/spine-injury-lawyer-queens-ny\/\">spinal cord injury attorney<\/a> at Shaevitz &amp; Shaevitz and let our experience work for you.<\/p>\n<p><a href=\"https:\/\/www.facebook.com\/ShaevitzAndShaevitz\/\">Follow us on Facebook<\/a> for daily updates and personal injury tips!<\/p>\n\t\t<\/div>\n\t\t\t\t\t<\/div>\n\n\t\n\n\t<div id=\"col-2058313055\" class=\"col medium-4 small-12 large-4\"  >\n\t\t\t\t<div class=\"col-inner\"  >\n\t\t\t\n\t\t\t\n<ul class=\"sidebar-wrapper ul-reset\"><aside id=\"text-13\" class=\"widget widget_text\">\t\t\t<div class=\"textwidget\"><p><a href=\"\/video-library\/\"><img loading=\"lazy\" decoding=\"async\" class=\"center size-full wp-image-138\" src=\"https:\/\/shaevitzandshaevitz.com\/wp-content\/uploads\/2020\/11\/VIDEO-LIBRARY-QUEENS-INJURY-LAWYERS.png\" alt=\"\" width=\"400\" height=\"106\" \/><\/a><\/p>\n<div class=\"wpcf7 no-js\" id=\"wpcf7-f9-o1\" lang=\"en-US\" dir=\"ltr\" data-wpcf7-id=\"9\">\n<div class=\"screen-reader-response\">\n<p role=\"status\" aria-live=\"polite\" aria-atomic=\"true\">\n<ul><\/ul>\n<\/div>\n<form action=\"\/es\/wp-json\/wp\/v2\/pages\/355#wpcf7-f9-o1\" method=\"post\" class=\"wpcf7-form init\" aria-label=\"Contact form\" novalidate=\"novalidate\" data-status=\"init\">\n<fieldset class=\"hidden-fields-container\"><input type=\"hidden\" name=\"_wpcf7\" value=\"9\" \/><input type=\"hidden\" name=\"_wpcf7_version\" value=\"6.1.5\" \/><input type=\"hidden\" name=\"_wpcf7_locale\" value=\"en_US\" \/><input type=\"hidden\" name=\"_wpcf7_unit_tag\" value=\"wpcf7-f9-o1\" \/><input type=\"hidden\" name=\"_wpcf7_container_post\" value=\"0\" \/><input type=\"hidden\" name=\"_wpcf7_posted_data_hash\" value=\"\" \/><br \/>\n<\/fieldset>\n<p><center><\/p>\n<h4>FREE CONSULTATION<br \/>\n\t<\/h4>\n<p><span style=\"color: #ffffff;\">Fill out the form below to request a free confidential consultation.<\/span>\n\t<\/p>\n<p><\/center><br \/>\n<center><\/p>\n<p><span class=\"wpcf7-form-control-wrap\" data-name=\"your-name\"><input size=\"40\" maxlength=\"400\" class=\"wpcf7-form-control wpcf7-text wpcf7-validates-as-required\" aria-required=\"true\" aria-invalid=\"false\" placeholder=\"Name\" value=\"\" type=\"text\" name=\"your-name\" \/><\/span>\n\t<\/p>\n<p><span class=\"wpcf7-form-control-wrap\" data-name=\"your-email\"><input size=\"40\" maxlength=\"400\" class=\"wpcf7-form-control wpcf7-email wpcf7-validates-as-required wpcf7-text wpcf7-validates-as-email\" aria-required=\"true\" aria-invalid=\"false\" placeholder=\"Email\" value=\"\" type=\"email\" name=\"your-email\" \/><\/span>\n\t<\/p>\n<p><span class=\"wpcf7-form-control-wrap\" data-name=\"tel-545\"><input size=\"40\" maxlength=\"400\" class=\"wpcf7-form-control wpcf7-tel wpcf7-text wpcf7-validates-as-tel\" aria-invalid=\"false\" placeholder=\"Your Phone Number\" value=\"\" type=\"tel\" name=\"tel-545\" \/><\/span>\n\t<\/p>\n<p><span class=\"wpcf7-form-control-wrap\" data-name=\"your-message\"><textarea cols=\"40\" rows=\"10\" maxlength=\"2000\" class=\"wpcf7-form-control wpcf7-textarea\" aria-invalid=\"false\" placeholder=\"How Can We Help?\" name=\"your-message\"><\/textarea><\/span>\n\t<\/p>\n<p><input class=\"wpcf7-form-control wpcf7-submit has-spinner button\" type=\"submit\" value=\"Submit Request\" \/>\n\t<\/p>\n<p><\/center><input\n                    class=\"apbct_special_field apbct_email_id__wp_contact_form_7\"\n                    name=\"apbct__email_id__wp_contact_form_7\"\n                    aria-label=\"apbct__label_id__wp_contact_form_7\"\n                    type=\"text\" size=\"30\" maxlength=\"200\" autocomplete=\"off\"\n                    value=\"\"\n                \/><\/p>\n<div class=\"wpcf7-response-output\" aria-hidden=\"true\"><\/div>\n<\/form>\n<\/div>\n<\/div>\n\t\t<\/aside><aside id=\"text-23\" class=\"widget widget_text\"><span class=\"widget-title \"><span>Related Videos<\/span><\/span><div class=\"is-divider small\"><\/div>\t\t\t<div class=\"textwidget\"><ul>\n<li><a href=\"https:\/\/shaevitzandshaevitz.com\/how-much-does-it-cost-to-hire-a-personal-injury-lawyer\/\"><b>How Much Does It Cost To Hire A Personal Injury Lawyer?<\/b><\/a><\/li>\n<li><a href=\"https:\/\/shaevitzandshaevitz.com\/how-long-does-it-take-to-settle-an-injury-claim\/\"><b>How Long Does It Take To Settle An Injury Claim?<\/b><\/a><\/li>\n<li><a href=\"https:\/\/shaevitzandshaevitz.com\/should-i-accept-the-insurance-companies-first-offer\/\"><b>Should I Accept The Insurance Companies First Offer?<\/b><\/a><\/li>\n<li><a href=\"https:\/\/shaevitzandshaevitz.com\/can-i-change-personal-injury-lawyers\/\"><b>Can I Change Personal Injury Lawyers?<\/b><\/a><\/li>\n<li><a href=\"https:\/\/shaevitzandshaevitz.com\/do-all-cases-go-to-trial\/\"><b>Do All Cases Go To Trial?<\/b><\/a><\/li>\n<li><a href=\"https:\/\/shaevitzandshaevitz.com\/who-pays-for-my-medical-bills-after-an-accident\/\"><b>Who Pays for my Medical Bills After an Accident?<\/b><\/a><\/li>\n<li><a href=\"https:\/\/shaevitzandshaevitz.com\/what-types-of-cases-do-you-handle\/\"><b>What Types of Cases Does Shaevitz &amp; Shaevitz Handle?<\/b><\/a><\/li>\n<li><a href=\"https:\/\/shaevitzandshaevitz.com\/can-i-collect-for-emotional-damages\/\"><b>Can I Collect For Emotional Damages?<\/b><\/a><\/li>\n<li><a href=\"https:\/\/shaevitzandshaevitz.com\/what-is-a-deposition\/\"><strong>What Is A Deposition?<\/strong><\/a><\/li>\n<li><a href=\"https:\/\/shaevitzandshaevitz.com\/can-i-sue-new-york-city-for-a-personal-injury\/\"><strong>Can I Sue New York City for a Personal Injury?<\/strong><\/a><\/li>\n<li><a href=\"https:\/\/shaevitzandshaevitz.com\/how-to-determine-how-much-my-injury-case-is-worth\/\"><strong>How To Determine How Much My Injury Case Is Worth<\/strong><\/a><\/li>\n<\/ul>\n<\/div>\n\t\t<\/aside>\t\t<aside id=\"flatsome_recent_posts-17\" class=\"widget flatsome_recent_posts\">\t\t<span class=\"widget-title \"><span>Recent Posts<\/span><\/span><div class=\"is-divider small\"><\/div>\t\t<ul>\t\t\n\t\t\n\t\t<li class=\"recent-blog-posts-li\">\n\t\t\t<div class=\"flex-row recent-blog-posts align-top pt-half pb-half\">\n\t\t\t\t<div class=\"flex-col mr-half\">\n\t\t\t\t\t<div class=\"badge post-date  badge-circle\">\n\t\t\t\t\t\t\t<div class=\"badge-inner bg-fill\" style=\"background: url(https:\/\/shaevitzandshaevitz.com\/wp-content\/uploads\/2025\/08\/Uber-Accident-Law-Firm-in-Queens-NY-Video-Explanation-280x280.jpg); border:0;\">\n                                \t\t\t\t\t\t\t<\/div>\n\t\t\t\t\t<\/div>\n\t\t\t\t<\/div>\n\t\t\t\t<div class=\"flex-col flex-grow\">\n\t\t\t\t\t  <a href=\"https:\/\/shaevitzandshaevitz.com\/es\/uber-accident-law-firm-in-queens-ny-video-explanation\/\" title=\"Uber Accident Law Firm in Queens, NY [Video Explanation]\">Uber Accident Law Firm in Queens, NY [Video Explanation]<\/a>\n\t\t\t\t\t  \t\t\t\t   \t  <span class=\"post_comments op-8 block is-xsmall\"><a href=\"https:\/\/shaevitzandshaevitz.com\/es\/uber-accident-law-firm-in-queens-ny-video-explanation\/#respond\"><span class=\"screen-reader-text\">No hay comentarios<span class=\"screen-reader-text\"> en Uber Accident Law Firm in Queens, NY [Video Explanation]<\/span><\/span><\/a><\/span>\n\t\t\t\t<\/div>\n\t\t\t<\/div>\n\t\t<\/li>\n\t\t\n\t\t\n\t\t<li class=\"recent-blog-posts-li\">\n\t\t\t<div class=\"flex-row recent-blog-posts align-top pt-half pb-half\">\n\t\t\t\t<div class=\"flex-col mr-half\">\n\t\t\t\t\t<div class=\"badge post-date  badge-circle\">\n\t\t\t\t\t\t\t<div class=\"badge-inner bg-fill\" style=\"background: url(https:\/\/shaevitzandshaevitz.com\/wp-content\/uploads\/2026\/04\/New-York-Personal-Injury-Lawyer-Video-FAQs-Free-Consultations-280x280.png); border:0;\">\n                                \t\t\t\t\t\t\t<\/div>\n\t\t\t\t\t<\/div>\n\t\t\t\t<\/div>\n\t\t\t\t<div class=\"flex-col flex-grow\">\n\t\t\t\t\t  <a href=\"https:\/\/shaevitzandshaevitz.com\/es\/find-a-new-york-personal-injury-lawyer-with-experience-video-faqs\/\" title=\"Find a New York Personal Injury Lawyer With Experience [Video FAQs]\">Find a New York Personal Injury Lawyer With Experience [Video FAQs]<\/a>\n\t\t\t\t\t  \t\t\t\t   \t  <span class=\"post_comments op-8 block is-xsmall\"><a href=\"https:\/\/shaevitzandshaevitz.com\/es\/find-a-new-york-personal-injury-lawyer-with-experience-video-faqs\/#respond\"><span class=\"screen-reader-text\">No hay comentarios<span class=\"screen-reader-text\"> en Find a New York Personal Injury Lawyer With Experience [Video FAQs]<\/span><\/span><\/a><\/span>\n\t\t\t\t<\/div>\n\t\t\t<\/div>\n\t\t<\/li>\n\t\t\n\t\t\n\t\t<li class=\"recent-blog-posts-li\">\n\t\t\t<div class=\"flex-row recent-blog-posts align-top pt-half pb-half\">\n\t\t\t\t<div class=\"flex-col mr-half\">\n\t\t\t\t\t<div class=\"badge post-date  badge-circle\">\n\t\t\t\t\t\t\t<div class=\"badge-inner bg-fill\" style=\"background: url(https:\/\/shaevitzandshaevitz.com\/wp-content\/uploads\/2022\/03\/Pedestrian-Injury-in-Queens-NY-Video-QA-Free-Consultations-280x280.jpg); border:0;\">\n                                \t\t\t\t\t\t\t<\/div>\n\t\t\t\t\t<\/div>\n\t\t\t\t<\/div>\n\t\t\t\t<div class=\"flex-col flex-grow\">\n\t\t\t\t\t  <a href=\"https:\/\/shaevitzandshaevitz.com\/es\/pedestrian-injury-overview-in-nyc-video-qa\/\" title=\"Pedestrian Injury Overview in NYC [Video Q&#038;A]\">Pedestrian Injury Overview in NYC [Video Q&#038;A]<\/a>\n\t\t\t\t\t  \t\t\t\t   \t  <span class=\"post_comments op-8 block is-xsmall\"><a href=\"https:\/\/shaevitzandshaevitz.com\/es\/pedestrian-injury-overview-in-nyc-video-qa\/#respond\"><span class=\"screen-reader-text\">No hay comentarios<span class=\"screen-reader-text\"> en Pedestrian Injury Overview in NYC [Video Q&#038;A]<\/span><\/span><\/a><\/span>\n\t\t\t\t<\/div>\n\t\t\t<\/div>\n\t\t<\/li>\n\t\t\n\t\t\n\t\t<li class=\"recent-blog-posts-li\">\n\t\t\t<div class=\"flex-row recent-blog-posts align-top pt-half pb-half\">\n\t\t\t\t<div class=\"flex-col mr-half\">\n\t\t\t\t\t<div class=\"badge post-date  badge-circle\">\n\t\t\t\t\t\t\t<div class=\"badge-inner bg-fill\" style=\"background: url(https:\/\/shaevitzandshaevitz.com\/wp-content\/uploads\/2025\/04\/New-York-Train-Accident-Attorneys-Free-Consultation-in-Queens-280x280.jpg); border:0;\">\n                                \t\t\t\t\t\t\t<\/div>\n\t\t\t\t\t<\/div>\n\t\t\t\t<\/div>\n\t\t\t\t<div class=\"flex-col flex-grow\">\n\t\t\t\t\t  <a href=\"https:\/\/shaevitzandshaevitz.com\/es\/new-york-train-accident-attorneys-on-your-side-after-a-subway-accident\/\" title=\"New York Train Accident Attorneys on Your Side After a Subway Accident\">New York Train Accident Attorneys on Your Side After a Subway Accident<\/a>\n\t\t\t\t\t  \t\t\t\t   \t  <span class=\"post_comments op-8 block is-xsmall\"><a href=\"https:\/\/shaevitzandshaevitz.com\/es\/new-york-train-accident-attorneys-on-your-side-after-a-subway-accident\/#respond\"><span class=\"screen-reader-text\">No hay comentarios<span class=\"screen-reader-text\"> en New York Train Accident Attorneys on Your Side After a Subway Accident<\/span><\/span><\/a><\/span>\n\t\t\t\t<\/div>\n\t\t\t<\/div>\n\t\t<\/li>\n\t\t\n\t\t\n\t\t<li class=\"recent-blog-posts-li\">\n\t\t\t<div class=\"flex-row recent-blog-posts align-top pt-half pb-half\">\n\t\t\t\t<div class=\"flex-col mr-half\">\n\t\t\t\t\t<div class=\"badge post-date  badge-circle\">\n\t\t\t\t\t\t\t<div class=\"badge-inner bg-fill\" style=\"background: url(https:\/\/shaevitzandshaevitz.com\/wp-content\/uploads\/2021\/10\/Auto-Accident-Attorney-Video-Demo-Free-Consultations-in-NYC-280x280.jpg); border:0;\">\n                                \t\t\t\t\t\t\t<\/div>\n\t\t\t\t\t<\/div>\n\t\t\t\t<\/div>\n\t\t\t\t<div class=\"flex-col flex-grow\">\n\t\t\t\t\t  <a href=\"https:\/\/shaevitzandshaevitz.com\/es\/how-an-auto-accident-attorney-takes-on-your-case-video-demo\/\" title=\"How an Auto Accident Attorney Takes on Your Case [Video Demo]\">How an Auto Accident Attorney Takes on Your Case [Video Demo]<\/a>\n\t\t\t\t\t  \t\t\t\t   \t  <span class=\"post_comments op-8 block is-xsmall\"><a href=\"https:\/\/shaevitzandshaevitz.com\/es\/how-an-auto-accident-attorney-takes-on-your-case-video-demo\/#comments\">1 comentario<span class=\"screen-reader-text\"> en How an Auto Accident Attorney Takes on Your Case [Video Demo]<\/span><\/a><\/span>\n\t\t\t\t<\/div>\n\t\t\t<\/div>\n\t\t<\/li>\n\t\t\t\t<\/ul>\t\t<\/aside><aside id=\"text-19\" class=\"widget widget_text\">\t\t\t<div class=\"textwidget\"><p><img loading=\"lazy\" decoding=\"async\" class=\"aligncenter size-full wp-image-766\" src=\"https:\/\/shaevitzandshaevitz.com\/wp-content\/uploads\/2021\/02\/5-Star-Review-Shaevitz-Shaevitz-Law-Offices-Queens-Personal-Injury-Lawyers.png\" alt=\"5-Star-Review---Shaevitz &amp; Shaevitz Law Offices - Queens Personal Injury Lawyers\" width=\"200\" height=\"36\" \/><\/p>\n<p>They&#8217;re the best accident law firm in New York! &#8211; <a href=\"https:\/\/www.facebook.com\/ShaevitzAndShaevitz\/reviews\/\">Rahiem H.<\/a><\/p>\n<div data-bid=\"92319\" data-url=\"https:\/\/rb.whitespark.ca\"><script src=\"https:\/\/widget.reviewability.com\/js\/badgeAdv.min.js\" async><\/script><\/div>\n<p><script class=\"json-ld-content\" type=\"application\/ld+json\"><\/script><\/p>\n<\/div>\n\t\t<\/aside><\/ul>\n\t\t<\/div>\n\t\t\t\t\t<\/div>\n\n\t\n<\/div>\n","protected":false},"excerpt":{"rendered":"","protected":false},"author":6,"featured_media":658,"parent":0,"menu_order":0,"comment_status":"closed","ping_status":"closed","template":"","meta":{"rop_custom_images_group":[],"rop_custom_messages_group":[],"rop_publish_now":"initial","rop_publish_now_accounts":{"gmb_102881417945905937602_accounts\/102881417945905937602\/locations\/15518117445138064392":"","facebook_777675450006584_566514840033997":"","linkedin_AL8m-NxfCJ_11809911":"","twitter_1351917660339113984_1351917660339113984":""},"rop_publish_now_history":[],"rop_publish_now_status":"pending","footnotes":""},"class_list":["post-355","page","type-page","status-publish","has-post-thumbnail","hentry"],"yoast_head":"<!-- This site is optimized with the Yoast SEO plugin v27.4 - https:\/\/yoast.com\/product\/yoast-seo-wordpress\/ -->\n<title>Spinal Cord Injury | Queens Accident Attorneys | Shaevitz &amp; Shaevitz<\/title>\n<meta name=\"description\" content=\"If you or a loved one has suffered a spinal cord injury, you may be able to recover compensation. Schedule a free consultation with our injury attorneys.\" \/>\n<meta name=\"robots\" content=\"index, follow, max-snippet:-1, max-image-preview:large, max-video-preview:-1\" \/>\n<link rel=\"canonical\" href=\"https:\/\/shaevitzandshaevitz.com\/es\/lesiones-medulares\/\" \/>\n<meta property=\"og:locale\" content=\"es_ES\" \/>\n<meta property=\"og:type\" content=\"article\" \/>\n<meta property=\"og:title\" content=\"Spinal Cord Injury | Queens Accident Attorneys | Shaevitz &amp; Shaevitz\" \/>\n<meta property=\"og:description\" content=\"If you or a loved one has suffered a spinal cord injury, you may be able to recover compensation. Schedule a free consultation with our injury attorneys.\" \/>\n<meta property=\"og:url\" content=\"https:\/\/shaevitzandshaevitz.com\/es\/lesiones-medulares\/\" \/>\n<meta property=\"og:site_name\" content=\"Shaevitz &amp; Shaevitz Law Offices\" \/>\n<meta property=\"article:modified_time\" content=\"2021-01-27T08:52:20+00:00\" \/>\n<meta property=\"og:image\" content=\"https:\/\/shaevitzandshaevitz.com\/wp-content\/uploads\/2021\/01\/Spinal-Cord-Injury-Queens-Accident-Attorneys-Shaevitz-Shaevitz.jpg\" \/>\n\t<meta property=\"og:image:width\" content=\"1000\" \/>\n\t<meta property=\"og:image:height\" content=\"667\" \/>\n\t<meta property=\"og:image:type\" content=\"image\/jpeg\" \/>\n<meta name=\"twitter:card\" content=\"summary_large_image\" \/>\n<meta name=\"twitter:label1\" content=\"Tiempo de lectura\" \/>\n\t<meta name=\"twitter:data1\" content=\"1 minuto\" \/>\n<script type=\"application\/ld+json\" class=\"yoast-schema-graph\">{\"@context\":\"https:\\\/\\\/schema.org\",\"@graph\":[{\"@type\":\"WebPage\",\"@id\":\"https:\\\/\\\/shaevitzandshaevitz.com\\\/spinal-cord-injury-overview\\\/\",\"url\":\"https:\\\/\\\/shaevitzandshaevitz.com\\\/spinal-cord-injury-overview\\\/\",\"name\":\"Spinal Cord Injury | Queens Accident Attorneys | Shaevitz & Shaevitz\",\"isPartOf\":{\"@id\":\"https:\\\/\\\/shaevitzandshaevitz.com\\\/#website\"},\"primaryImageOfPage\":{\"@id\":\"https:\\\/\\\/shaevitzandshaevitz.com\\\/spinal-cord-injury-overview\\\/#primaryimage\"},\"image\":{\"@id\":\"https:\\\/\\\/shaevitzandshaevitz.com\\\/spinal-cord-injury-overview\\\/#primaryimage\"},\"thumbnailUrl\":\"https:\\\/\\\/shaevitzandshaevitz.com\\\/wp-content\\\/uploads\\\/2021\\\/01\\\/Spinal-Cord-Injury-Queens-Accident-Attorneys-Shaevitz-Shaevitz.jpg\",\"datePublished\":\"2021-01-04T17:18:56+00:00\",\"dateModified\":\"2021-01-27T08:52:20+00:00\",\"description\":\"If you or a loved one has suffered a spinal cord injury, you may be able to recover compensation. Schedule a free consultation with our injury attorneys.\",\"breadcrumb\":{\"@id\":\"https:\\\/\\\/shaevitzandshaevitz.com\\\/spinal-cord-injury-overview\\\/#breadcrumb\"},\"inLanguage\":\"es\",\"potentialAction\":[{\"@type\":\"ReadAction\",\"target\":[\"https:\\\/\\\/shaevitzandshaevitz.com\\\/spinal-cord-injury-overview\\\/\"]}]},{\"@type\":\"ImageObject\",\"inLanguage\":\"es\",\"@id\":\"https:\\\/\\\/shaevitzandshaevitz.com\\\/spinal-cord-injury-overview\\\/#primaryimage\",\"url\":\"https:\\\/\\\/shaevitzandshaevitz.com\\\/wp-content\\\/uploads\\\/2021\\\/01\\\/Spinal-Cord-Injury-Queens-Accident-Attorneys-Shaevitz-Shaevitz.jpg\",\"contentUrl\":\"https:\\\/\\\/shaevitzandshaevitz.com\\\/wp-content\\\/uploads\\\/2021\\\/01\\\/Spinal-Cord-Injury-Queens-Accident-Attorneys-Shaevitz-Shaevitz.jpg\",\"width\":1000,\"height\":667,\"caption\":\"Spinal Cord Injury Queens Accident Attorneys Shaevitz & Shaevitz\"},{\"@type\":\"BreadcrumbList\",\"@id\":\"https:\\\/\\\/shaevitzandshaevitz.com\\\/spinal-cord-injury-overview\\\/#breadcrumb\",\"itemListElement\":[{\"@type\":\"ListItem\",\"position\":1,\"name\":\"Home\",\"item\":\"https:\\\/\\\/shaevitzandshaevitz.com\\\/\"},{\"@type\":\"ListItem\",\"position\":2,\"name\":\"Spinal Cord Injury Overview\"}]},{\"@type\":\"WebSite\",\"@id\":\"https:\\\/\\\/shaevitzandshaevitz.com\\\/#website\",\"url\":\"https:\\\/\\\/shaevitzandshaevitz.com\\\/\",\"name\":\"Shaevitz &amp; Shaevitz Law Offices\",\"description\":\"Queens Injury Lawyers\",\"publisher\":{\"@id\":\"https:\\\/\\\/shaevitzandshaevitz.com\\\/#organization\"},\"potentialAction\":[{\"@type\":\"SearchAction\",\"target\":{\"@type\":\"EntryPoint\",\"urlTemplate\":\"https:\\\/\\\/shaevitzandshaevitz.com\\\/?s={search_term_string}\"},\"query-input\":{\"@type\":\"PropertyValueSpecification\",\"valueRequired\":true,\"valueName\":\"search_term_string\"}}],\"inLanguage\":\"es\"},{\"@type\":\"Organization\",\"@id\":\"https:\\\/\\\/shaevitzandshaevitz.com\\\/#organization\",\"name\":\"Shaevitz & Shaevitz Law Offices\",\"url\":\"https:\\\/\\\/shaevitzandshaevitz.com\\\/\",\"logo\":{\"@type\":\"ImageObject\",\"inLanguage\":\"es\",\"@id\":\"https:\\\/\\\/shaevitzandshaevitz.com\\\/#\\\/schema\\\/logo\\\/image\\\/\",\"url\":\"https:\\\/\\\/shaevitzandshaevitz.com\\\/wp-content\\\/uploads\\\/2021\\\/01\\\/Shaevitz-Shaevitz-Icon-scaled-e1609832556903.jpg\",\"contentUrl\":\"https:\\\/\\\/shaevitzandshaevitz.com\\\/wp-content\\\/uploads\\\/2021\\\/01\\\/Shaevitz-Shaevitz-Icon-scaled-e1609832556903.jpg\",\"width\":600,\"height\":600,\"caption\":\"Shaevitz & Shaevitz Law Offices\"},\"image\":{\"@id\":\"https:\\\/\\\/shaevitzandshaevitz.com\\\/#\\\/schema\\\/logo\\\/image\\\/\"}}]}<\/script>\n<!-- \/ Yoast SEO plugin. -->","yoast_head_json":{"title":"Lesi\u00f3n de la m\u00e9dula espinal | Abogados de accidentes de Queens | Shaevitz &amp; Shaevitz","description":"Si usted o un ser querido ha sufrido una lesi\u00f3n de la m\u00e9dula espinal, usted puede ser capaz de recuperar la compensaci\u00f3n. Programe una consulta gratuita con nuestros abogados de lesiones.","robots":{"index":"index","follow":"follow","max-snippet":"max-snippet:-1","max-image-preview":"max-image-preview:large","max-video-preview":"max-video-preview:-1"},"canonical":"https:\/\/shaevitzandshaevitz.com\/es\/lesiones-medulares\/","og_locale":"es_ES","og_type":"article","og_title":"Spinal Cord Injury | Queens Accident Attorneys | Shaevitz & Shaevitz","og_description":"If you or a loved one has suffered a spinal cord injury, you may be able to recover compensation. Schedule a free consultation with our injury attorneys.","og_url":"https:\/\/shaevitzandshaevitz.com\/es\/lesiones-medulares\/","og_site_name":"Shaevitz &amp; Shaevitz Law Offices","article_modified_time":"2021-01-27T08:52:20+00:00","og_image":[{"width":1000,"height":667,"url":"https:\/\/shaevitzandshaevitz.com\/wp-content\/uploads\/2021\/01\/Spinal-Cord-Injury-Queens-Accident-Attorneys-Shaevitz-Shaevitz.jpg","type":"image\/jpeg"}],"twitter_card":"summary_large_image","twitter_misc":{"Tiempo de lectura":"1 minuto"},"schema":{"@context":"https:\/\/schema.org","@graph":[{"@type":"WebPage","@id":"https:\/\/shaevitzandshaevitz.com\/spinal-cord-injury-overview\/","url":"https:\/\/shaevitzandshaevitz.com\/spinal-cord-injury-overview\/","name":"Lesi\u00f3n de la m\u00e9dula espinal | Abogados de accidentes de Queens | Shaevitz &amp; Shaevitz","isPartOf":{"@id":"https:\/\/shaevitzandshaevitz.com\/#website"},"primaryImageOfPage":{"@id":"https:\/\/shaevitzandshaevitz.com\/spinal-cord-injury-overview\/#primaryimage"},"image":{"@id":"https:\/\/shaevitzandshaevitz.com\/spinal-cord-injury-overview\/#primaryimage"},"thumbnailUrl":"https:\/\/shaevitzandshaevitz.com\/wp-content\/uploads\/2021\/01\/Spinal-Cord-Injury-Queens-Accident-Attorneys-Shaevitz-Shaevitz.jpg","datePublished":"2021-01-04T17:18:56+00:00","dateModified":"2021-01-27T08:52:20+00:00","description":"Si usted o un ser querido ha sufrido una lesi\u00f3n de la m\u00e9dula espinal, usted puede ser capaz de recuperar la compensaci\u00f3n. Programe una consulta gratuita con nuestros abogados de lesiones.","breadcrumb":{"@id":"https:\/\/shaevitzandshaevitz.com\/spinal-cord-injury-overview\/#breadcrumb"},"inLanguage":"es","potentialAction":[{"@type":"ReadAction","target":["https:\/\/shaevitzandshaevitz.com\/spinal-cord-injury-overview\/"]}]},{"@type":"ImageObject","inLanguage":"es","@id":"https:\/\/shaevitzandshaevitz.com\/spinal-cord-injury-overview\/#primaryimage","url":"https:\/\/shaevitzandshaevitz.com\/wp-content\/uploads\/2021\/01\/Spinal-Cord-Injury-Queens-Accident-Attorneys-Shaevitz-Shaevitz.jpg","contentUrl":"https:\/\/shaevitzandshaevitz.com\/wp-content\/uploads\/2021\/01\/Spinal-Cord-Injury-Queens-Accident-Attorneys-Shaevitz-Shaevitz.jpg","width":1000,"height":667,"caption":"Spinal Cord Injury Queens Accident Attorneys Shaevitz & Shaevitz"},{"@type":"BreadcrumbList","@id":"https:\/\/shaevitzandshaevitz.com\/spinal-cord-injury-overview\/#breadcrumb","itemListElement":[{"@type":"ListItem","position":1,"name":"Home","item":"https:\/\/shaevitzandshaevitz.com\/"},{"@type":"ListItem","position":2,"name":"Spinal Cord Injury Overview"}]},{"@type":"WebSite","@id":"https:\/\/shaevitzandshaevitz.com\/#website","url":"https:\/\/shaevitzandshaevitz.com\/","name":"Shaevitz &amp; Shaevitz Law Offices","description":"Abogados de lesiones de Queens","publisher":{"@id":"https:\/\/shaevitzandshaevitz.com\/#organization"},"potentialAction":[{"@type":"SearchAction","target":{"@type":"EntryPoint","urlTemplate":"https:\/\/shaevitzandshaevitz.com\/?s={search_term_string}"},"query-input":{"@type":"PropertyValueSpecification","valueRequired":true,"valueName":"search_term_string"}}],"inLanguage":"es"},{"@type":"Organization","@id":"https:\/\/shaevitzandshaevitz.com\/#organization","name":"Shaevitz &amp; Shaevitz Law Offices","url":"https:\/\/shaevitzandshaevitz.com\/","logo":{"@type":"ImageObject","inLanguage":"es","@id":"https:\/\/shaevitzandshaevitz.com\/#\/schema\/logo\/image\/","url":"https:\/\/shaevitzandshaevitz.com\/wp-content\/uploads\/2021\/01\/Shaevitz-Shaevitz-Icon-scaled-e1609832556903.jpg","contentUrl":"https:\/\/shaevitzandshaevitz.com\/wp-content\/uploads\/2021\/01\/Shaevitz-Shaevitz-Icon-scaled-e1609832556903.jpg","width":600,"height":600,"caption":"Shaevitz & Shaevitz Law Offices"},"image":{"@id":"https:\/\/shaevitzandshaevitz.com\/#\/schema\/logo\/image\/"}}]}},"_links":{"self":[{"href":"https:\/\/shaevitzandshaevitz.com\/es\/wp-json\/wp\/v2\/pages\/355","targetHints":{"allow":["GET"]}}],"collection":[{"href":"https:\/\/shaevitzandshaevitz.com\/es\/wp-json\/wp\/v2\/pages"}],"about":[{"href":"https:\/\/shaevitzandshaevitz.com\/es\/wp-json\/wp\/v2\/types\/page"}],"author":[{"embeddable":true,"href":"https:\/\/shaevitzandshaevitz.com\/es\/wp-json\/wp\/v2\/users\/6"}],"replies":[{"embeddable":true,"href":"https:\/\/shaevitzandshaevitz.com\/es\/wp-json\/wp\/v2\/comments?post=355"}],"version-history":[{"count":0,"href":"https:\/\/shaevitzandshaevitz.com\/es\/wp-json\/wp\/v2\/pages\/355\/revisions"}],"wp:featuredmedia":[{"embeddable":true,"href":"https:\/\/shaevitzandshaevitz.com\/es\/wp-json\/wp\/v2\/media\/658"}],"wp:attachment":[{"href":"https:\/\/shaevitzandshaevitz.com\/es\/wp-json\/wp\/v2\/media?parent=355"}],"curies":[{"name":"wp","href":"https:\/\/api.w.org\/{rel}","templated":true}]}}