{"id":320,"date":"2021-01-04T11:46:34","date_gmt":"2021-01-04T16:46:34","guid":{"rendered":"https:\/\/shaevitzandshaevitz.com\/?page_id=320"},"modified":"2021-01-27T04:12:22","modified_gmt":"2021-01-27T09:12:22","slug":"todos-los-casos-van-a-juicio","status":"publish","type":"page","link":"https:\/\/shaevitzandshaevitz.com\/es\/do-all-cases-go-to-trial\/","title":{"rendered":"\u00bfTodos los casos van a juicio?"},"content":{"rendered":"<div class=\"row\"  id=\"row-1456002941\">\n\n\t<div id=\"col-1934789019\" class=\"col medium-8 small-12 large-8\"  >\n\t\t\t\t<div class=\"col-inner\"  >\n\t\t\t\n\t\t\t\n<h1>Do All Cases Go To Trial?<\/h1>\n<p><strong>Were you injured by the negligence of another party in New York and have questions about whether your case will go to trial? Watch this video by experienced New York personal injury attorney Eric Shaevitz to learn how you may be able to avoid going to trial for your injury case.<\/strong><\/p>\n<div class=\"video video-fit mb\" style=\"padding-top:56.25%;\"><p><iframe loading=\"lazy\" title=\"Do All Personal Injury Cases Go To Trial?\" width=\"1020\" height=\"574\" src=\"https:\/\/www.youtube.com\/embed\/rnvnZxJ62sQ?wmode=transparent&amp;rel=0&amp;feature=oembed\" frameborder=\"0\" allow=\"accelerometer; autoplay; clipboard-write; encrypted-media; gyroscope; picture-in-picture\" allowfullscreen><\/iframe><\/p>\n<\/div>\n<p>Cases go to trial when the insurance company is not prepared to settle the case for the amount of money that the case is worth.<\/p>\n<p>Cases can settle over the phone, they can settle right before the trial begins, in the middle of the trial, but most cases do not go to trial.<\/p>\n<p>We settle cases without going to trial only if settling them for the value of the case is worth. We don&#8217;t settle cases just to settle them. We get as much money as the client needs and the case is worth.<\/p>\n<p>If you or someone you love was injured in New York due to another parties negligence, we will fight to help you recover the compensation you deserve.<\/p>\n<p><a href=\"https:\/\/shaevitzandshaevitz.com\/contact-us\/\">Contact us<\/a> today to arrange a free no-obligation consultation with a dedicated New York <a href=\"https:\/\/shaevitzandshaevitz.com\/about-us\/\">personal injury attorney<\/a>.<\/p>\n<p><a href=\"https:\/\/www.facebook.com\/ShaevitzAndShaevitz\/\">Follow us on Facebook<\/a> for daily updates and personal injury tips!<\/p>\n\t\t<\/div>\n\t\t\t\t\t<\/div>\n\n\t\n\n\t<div id=\"col-140977941\" class=\"col medium-4 small-12 large-4\"  >\n\t\t\t\t<div class=\"col-inner\"  >\n\t\t\t\n\t\t\t\n<ul class=\"sidebar-wrapper ul-reset\"><aside id=\"text-13\" class=\"widget widget_text\">\t\t\t<div class=\"textwidget\"><p><a href=\"\/video-library\/\"><img loading=\"lazy\" decoding=\"async\" class=\"center size-full wp-image-138\" src=\"https:\/\/shaevitzandshaevitz.com\/wp-content\/uploads\/2020\/11\/VIDEO-LIBRARY-QUEENS-INJURY-LAWYERS.png\" alt=\"\" width=\"400\" height=\"106\" \/><\/a><\/p>\n<div class=\"wpcf7 no-js\" id=\"wpcf7-f9-o1\" lang=\"en-US\" dir=\"ltr\" data-wpcf7-id=\"9\">\n<div class=\"screen-reader-response\">\n<p role=\"status\" aria-live=\"polite\" aria-atomic=\"true\">\n<ul><\/ul>\n<\/div>\n<form action=\"\/es\/wp-json\/wp\/v2\/pages\/320#wpcf7-f9-o1\" method=\"post\" class=\"wpcf7-form init\" aria-label=\"Contact form\" novalidate=\"novalidate\" data-status=\"init\">\n<fieldset class=\"hidden-fields-container\"><input type=\"hidden\" name=\"_wpcf7\" value=\"9\" \/><input type=\"hidden\" name=\"_wpcf7_version\" value=\"6.1.5\" \/><input type=\"hidden\" name=\"_wpcf7_locale\" value=\"en_US\" \/><input type=\"hidden\" name=\"_wpcf7_unit_tag\" value=\"wpcf7-f9-o1\" \/><input type=\"hidden\" name=\"_wpcf7_container_post\" value=\"0\" \/><input type=\"hidden\" name=\"_wpcf7_posted_data_hash\" value=\"\" \/><br \/>\n<\/fieldset>\n<p><center><\/p>\n<h4>FREE CONSULTATION<br \/>\n\t<\/h4>\n<p><span style=\"color: #ffffff;\">Fill out the form below to request a free confidential consultation.<\/span>\n\t<\/p>\n<p><\/center><br \/>\n<center><\/p>\n<p><span class=\"wpcf7-form-control-wrap\" data-name=\"your-name\"><input size=\"40\" maxlength=\"400\" class=\"wpcf7-form-control wpcf7-text wpcf7-validates-as-required\" aria-required=\"true\" aria-invalid=\"false\" placeholder=\"Name\" value=\"\" type=\"text\" name=\"your-name\" \/><\/span>\n\t<\/p>\n<p><span class=\"wpcf7-form-control-wrap\" data-name=\"your-email\"><input size=\"40\" maxlength=\"400\" class=\"wpcf7-form-control wpcf7-email wpcf7-validates-as-required wpcf7-text wpcf7-validates-as-email\" aria-required=\"true\" aria-invalid=\"false\" placeholder=\"Email\" value=\"\" type=\"email\" name=\"your-email\" \/><\/span>\n\t<\/p>\n<p><span class=\"wpcf7-form-control-wrap\" data-name=\"tel-545\"><input size=\"40\" maxlength=\"400\" class=\"wpcf7-form-control wpcf7-tel wpcf7-text wpcf7-validates-as-tel\" aria-invalid=\"false\" placeholder=\"Your Phone Number\" value=\"\" type=\"tel\" name=\"tel-545\" \/><\/span>\n\t<\/p>\n<p><span class=\"wpcf7-form-control-wrap\" data-name=\"your-message\"><textarea cols=\"40\" rows=\"10\" maxlength=\"2000\" class=\"wpcf7-form-control wpcf7-textarea\" aria-invalid=\"false\" placeholder=\"How Can We Help?\" name=\"your-message\"><\/textarea><\/span>\n\t<\/p>\n<p><input class=\"wpcf7-form-control wpcf7-submit has-spinner button\" type=\"submit\" value=\"Submit Request\" \/>\n\t<\/p>\n<p><\/center><input\n                    class=\"apbct_special_field apbct_email_id__wp_contact_form_7\"\n                    name=\"apbct__email_id__wp_contact_form_7\"\n                    aria-label=\"apbct__label_id__wp_contact_form_7\"\n                    type=\"text\" size=\"30\" maxlength=\"200\" autocomplete=\"off\"\n                    value=\"\"\n                \/><\/p>\n<div class=\"wpcf7-response-output\" aria-hidden=\"true\"><\/div>\n<\/form>\n<\/div>\n<\/div>\n\t\t<\/aside><aside id=\"text-23\" class=\"widget widget_text\"><span class=\"widget-title \"><span>Related Videos<\/span><\/span><div class=\"is-divider small\"><\/div>\t\t\t<div class=\"textwidget\"><ul>\n<li><a href=\"https:\/\/shaevitzandshaevitz.com\/how-much-does-it-cost-to-hire-a-personal-injury-lawyer\/\"><b>How Much Does It Cost To Hire A Personal Injury Lawyer?<\/b><\/a><\/li>\n<li><a href=\"https:\/\/shaevitzandshaevitz.com\/how-long-does-it-take-to-settle-an-injury-claim\/\"><b>How Long Does It Take To Settle An Injury Claim?<\/b><\/a><\/li>\n<li><a href=\"https:\/\/shaevitzandshaevitz.com\/should-i-accept-the-insurance-companies-first-offer\/\"><b>Should I Accept The Insurance Companies First Offer?<\/b><\/a><\/li>\n<li><a href=\"https:\/\/shaevitzandshaevitz.com\/can-i-change-personal-injury-lawyers\/\"><b>Can I Change Personal Injury Lawyers?<\/b><\/a><\/li>\n<li><a href=\"https:\/\/shaevitzandshaevitz.com\/do-all-cases-go-to-trial\/\"><b>Do All Cases Go To Trial?<\/b><\/a><\/li>\n<li><a href=\"https:\/\/shaevitzandshaevitz.com\/who-pays-for-my-medical-bills-after-an-accident\/\"><b>Who Pays for my Medical Bills After an Accident?<\/b><\/a><\/li>\n<li><a href=\"https:\/\/shaevitzandshaevitz.com\/what-types-of-cases-do-you-handle\/\"><b>What Types of Cases Does Shaevitz &amp; Shaevitz Handle?<\/b><\/a><\/li>\n<li><a href=\"https:\/\/shaevitzandshaevitz.com\/can-i-collect-for-emotional-damages\/\"><b>Can I Collect For Emotional Damages?<\/b><\/a><\/li>\n<li><a href=\"https:\/\/shaevitzandshaevitz.com\/what-is-a-deposition\/\"><strong>What Is A Deposition?<\/strong><\/a><\/li>\n<li><a href=\"https:\/\/shaevitzandshaevitz.com\/can-i-sue-new-york-city-for-a-personal-injury\/\"><strong>Can I Sue New York City for a Personal Injury?<\/strong><\/a><\/li>\n<li><a href=\"https:\/\/shaevitzandshaevitz.com\/how-to-determine-how-much-my-injury-case-is-worth\/\"><strong>How To Determine How Much My Injury Case Is Worth<\/strong><\/a><\/li>\n<\/ul>\n<\/div>\n\t\t<\/aside>\t\t<aside id=\"flatsome_recent_posts-17\" class=\"widget flatsome_recent_posts\">\t\t<span class=\"widget-title \"><span>Recent Posts<\/span><\/span><div class=\"is-divider small\"><\/div>\t\t<ul>\t\t\n\t\t\n\t\t<li class=\"recent-blog-posts-li\">\n\t\t\t<div class=\"flex-row recent-blog-posts align-top pt-half pb-half\">\n\t\t\t\t<div class=\"flex-col mr-half\">\n\t\t\t\t\t<div class=\"badge post-date  badge-circle\">\n\t\t\t\t\t\t\t<div class=\"badge-inner bg-fill\" style=\"background: url(https:\/\/shaevitzandshaevitz.com\/wp-content\/uploads\/2025\/04\/New-York-Train-Accident-Attorneys-Free-Consultation-in-Queens-280x280.jpg); border:0;\">\n                                \t\t\t\t\t\t\t<\/div>\n\t\t\t\t\t<\/div>\n\t\t\t\t<\/div>\n\t\t\t\t<div class=\"flex-col flex-grow\">\n\t\t\t\t\t  <a href=\"https:\/\/shaevitzandshaevitz.com\/es\/abogados-de-accidentes-de-tren-en-nueva-york-a-su-lado-tras-un-accidente-de-metro\/\" title=\"New York Train Accident Attorneys on Your Side After a Subway Accident\">New York Train Accident Attorneys on Your Side After a Subway Accident<\/a>\n\t\t\t\t\t  \t\t\t\t   \t  <span class=\"post_comments op-8 block is-xsmall\"><a href=\"https:\/\/shaevitzandshaevitz.com\/es\/abogados-de-accidentes-de-tren-en-nueva-york-a-su-lado-tras-un-accidente-de-metro\/#respond\"><span class=\"screen-reader-text\">No hay comentarios<span class=\"screen-reader-text\"> en New York Train Accident Attorneys on Your Side After a Subway Accident<\/span><\/span><\/a><\/span>\n\t\t\t\t<\/div>\n\t\t\t<\/div>\n\t\t<\/li>\n\t\t\n\t\t\n\t\t<li class=\"recent-blog-posts-li\">\n\t\t\t<div class=\"flex-row recent-blog-posts align-top pt-half pb-half\">\n\t\t\t\t<div class=\"flex-col mr-half\">\n\t\t\t\t\t<div class=\"badge post-date  badge-circle\">\n\t\t\t\t\t\t\t<div class=\"badge-inner bg-fill\" style=\"background: url(https:\/\/shaevitzandshaevitz.com\/wp-content\/uploads\/2021\/10\/Auto-Accident-Attorney-Video-Demo-Free-Consultations-in-NYC-280x280.jpg); border:0;\">\n                                \t\t\t\t\t\t\t<\/div>\n\t\t\t\t\t<\/div>\n\t\t\t\t<\/div>\n\t\t\t\t<div class=\"flex-col flex-grow\">\n\t\t\t\t\t  <a href=\"https:\/\/shaevitzandshaevitz.com\/es\/como-un-abogado-de-accidentes-de-auto-toma-su-caso-video-demo\/\" title=\"How an Auto Accident Attorney Takes on Your Case [Video Demo]\">How an Auto Accident Attorney Takes on Your Case [Video Demo]<\/a>\n\t\t\t\t\t  \t\t\t\t   \t  <span class=\"post_comments op-8 block is-xsmall\"><a href=\"https:\/\/shaevitzandshaevitz.com\/es\/como-un-abogado-de-accidentes-de-auto-toma-su-caso-video-demo\/#comments\">1 comentario<span class=\"screen-reader-text\"> en How an Auto Accident Attorney Takes on Your Case [Video Demo]<\/span><\/a><\/span>\n\t\t\t\t<\/div>\n\t\t\t<\/div>\n\t\t<\/li>\n\t\t\n\t\t\n\t\t<li class=\"recent-blog-posts-li\">\n\t\t\t<div class=\"flex-row recent-blog-posts align-top pt-half pb-half\">\n\t\t\t\t<div class=\"flex-col mr-half\">\n\t\t\t\t\t<div class=\"badge post-date  badge-circle\">\n\t\t\t\t\t\t\t<div class=\"badge-inner bg-fill\" style=\"background: url(https:\/\/shaevitzandshaevitz.com\/wp-content\/uploads\/2024\/12\/Spine-Injury-Attorney-in-Queens-NY-Book-a-Free-Consultation-280x280.jpg); border:0;\">\n                                \t\t\t\t\t\t\t<\/div>\n\t\t\t\t\t<\/div>\n\t\t\t\t<\/div>\n\t\t\t\t<div class=\"flex-col flex-grow\">\n\t\t\t\t\t  <a href=\"https:\/\/shaevitzandshaevitz.com\/es\/confie-su-indemnizacion-a-un-abogado-de-nyc-especializado-en-lesiones-medulares\/\" title=\"Trust a NYC Spine Injury Attorney With Your Compensation\">Trust a NYC Spine Injury Attorney With Your Compensation<\/a>\n\t\t\t\t\t  \t\t\t\t   \t  <span class=\"post_comments op-8 block is-xsmall\"><a href=\"https:\/\/shaevitzandshaevitz.com\/es\/confie-su-indemnizacion-a-un-abogado-de-nyc-especializado-en-lesiones-medulares\/#respond\"><span class=\"screen-reader-text\">No hay comentarios<span class=\"screen-reader-text\"> en Trust a NYC Spine Injury Attorney With Your Compensation<\/span><\/span><\/a><\/span>\n\t\t\t\t<\/div>\n\t\t\t<\/div>\n\t\t<\/li>\n\t\t\n\t\t\n\t\t<li class=\"recent-blog-posts-li\">\n\t\t\t<div class=\"flex-row recent-blog-posts align-top pt-half pb-half\">\n\t\t\t\t<div class=\"flex-col mr-half\">\n\t\t\t\t\t<div class=\"badge post-date  badge-circle\">\n\t\t\t\t\t\t\t<div class=\"badge-inner bg-fill\" style=\"background: url(https:\/\/shaevitzandshaevitz.com\/wp-content\/uploads\/2021\/08\/Queens-Bike-Accident-Lawyer-Book-a-Free-Consultation-in-NYC-280x280.jpg); border:0;\">\n                                \t\t\t\t\t\t\t<\/div>\n\t\t\t\t\t<\/div>\n\t\t\t\t<\/div>\n\t\t\t\t<div class=\"flex-col flex-grow\">\n\t\t\t\t\t  <a href=\"https:\/\/shaevitzandshaevitz.com\/es\/queens-bike-accident-lawyer-que-hacer-despues-de-un-accidente\/\" title=\"Queens Bike Accident Lawyer: What To Do After a Crash\">Queens Bike Accident Lawyer: What To Do After a Crash<\/a>\n\t\t\t\t\t  \t\t\t\t   \t  <span class=\"post_comments op-8 block is-xsmall\"><a href=\"https:\/\/shaevitzandshaevitz.com\/es\/queens-bike-accident-lawyer-que-hacer-despues-de-un-accidente\/#comments\">1 comentario<span class=\"screen-reader-text\"> en Queens Bike Accident Lawyer: What To Do After a Crash<\/span><\/a><\/span>\n\t\t\t\t<\/div>\n\t\t\t<\/div>\n\t\t<\/li>\n\t\t\n\t\t\n\t\t<li class=\"recent-blog-posts-li\">\n\t\t\t<div class=\"flex-row recent-blog-posts align-top pt-half pb-half\">\n\t\t\t\t<div class=\"flex-col mr-half\">\n\t\t\t\t\t<div class=\"badge post-date  badge-circle\">\n\t\t\t\t\t\t\t<div class=\"badge-inner bg-fill\" style=\"background: url(https:\/\/shaevitzandshaevitz.com\/wp-content\/uploads\/2026\/03\/New-York-Construction-Accident-Lawyer-Video-Explanation-280x280.jpg); border:0;\">\n                                \t\t\t\t\t\t\t<\/div>\n\t\t\t\t\t<\/div>\n\t\t\t\t<\/div>\n\t\t\t\t<div class=\"flex-col flex-grow\">\n\t\t\t\t\t  <a href=\"https:\/\/shaevitzandshaevitz.com\/es\/por-que-necesita-un-abogado-de-accidentes-de-construccion-de-nueva-york-explicacion-de-video\/\" title=\"Why You Need a New York Construction Accident Lawyer [Video Explanation]\">Why You Need a New York Construction Accident Lawyer [Video Explanation]<\/a>\n\t\t\t\t\t  \t\t\t\t   \t  <span class=\"post_comments op-8 block is-xsmall\"><a href=\"https:\/\/shaevitzandshaevitz.com\/es\/por-que-necesita-un-abogado-de-accidentes-de-construccion-de-nueva-york-explicacion-de-video\/#respond\"><span class=\"screen-reader-text\">No hay comentarios<span class=\"screen-reader-text\"> en Why You Need a New York Construction Accident Lawyer [Video Explanation]<\/span><\/span><\/a><\/span>\n\t\t\t\t<\/div>\n\t\t\t<\/div>\n\t\t<\/li>\n\t\t\t\t<\/ul>\t\t<\/aside><aside id=\"text-19\" class=\"widget widget_text\">\t\t\t<div class=\"textwidget\"><p><img loading=\"lazy\" decoding=\"async\" class=\"aligncenter size-full wp-image-766\" src=\"https:\/\/shaevitzandshaevitz.com\/wp-content\/uploads\/2021\/02\/5-Star-Review-Shaevitz-Shaevitz-Law-Offices-Queens-Personal-Injury-Lawyers.png\" alt=\"5-Star-Review---Shaevitz &amp; Shaevitz Law Offices - Queens Personal Injury Lawyers\" width=\"200\" height=\"36\" \/><\/p>\n<p>They&#8217;re the best accident law firm in New York! &#8211; <a href=\"https:\/\/www.facebook.com\/ShaevitzAndShaevitz\/reviews\/\">Rahiem H.<\/a><\/p>\n<div data-bid=\"92319\" data-url=\"https:\/\/rb.whitespark.ca\"><script src=\"https:\/\/widget.reviewability.com\/js\/badgeAdv.min.js\" async><\/script><\/div>\n<p><script class=\"json-ld-content\" type=\"application\/ld+json\"><\/script><\/p>\n<\/div>\n\t\t<\/aside><\/ul>\n\t\t<\/div>\n\t\t\t\t\t<\/div>\n\n\t\n<\/div>\n","protected":false},"excerpt":{"rendered":"","protected":false},"author":6,"featured_media":603,"parent":0,"menu_order":0,"comment_status":"closed","ping_status":"closed","template":"","meta":{"rop_custom_images_group":[],"rop_custom_messages_group":[],"rop_publish_now":"initial","rop_publish_now_accounts":{"gmb_102881417945905937602_accounts\/102881417945905937602\/locations\/15518117445138064392":"","facebook_777675450006584_566514840033997":"","linkedin_AL8m-NxfCJ_11809911":"","twitter_1351917660339113984_1351917660339113984":""},"rop_publish_now_history":[],"rop_publish_now_status":"pending","footnotes":""},"class_list":["post-320","page","type-page","status-publish","has-post-thumbnail","hentry"],"yoast_head":"<!-- This site is optimized with the Yoast SEO plugin v27.1.1 - https:\/\/yoast.com\/product\/yoast-seo-wordpress\/ -->\n<title>Do All Cases Go To Trial? | Queens Injury Attorneys | Shaevitz &amp; Shaevitz<\/title>\n<meta name=\"description\" content=\"Cases go to trial when the insurance company is not prepared to settle the case for the amount of money that the case is worth. We don&#039;t settle for less.\" \/>\n<meta name=\"robots\" content=\"index, follow, max-snippet:-1, max-image-preview:large, max-video-preview:-1\" \/>\n<link rel=\"canonical\" href=\"https:\/\/shaevitzandshaevitz.com\/es\/todos-los-casos-van-a-juicio\/\" \/>\n<meta property=\"og:locale\" content=\"es_ES\" \/>\n<meta property=\"og:type\" content=\"article\" \/>\n<meta property=\"og:title\" content=\"Do All Cases Go To Trial? | Queens Injury Attorneys | Shaevitz &amp; Shaevitz\" \/>\n<meta property=\"og:description\" content=\"Cases go to trial when the insurance company is not prepared to settle the case for the amount of money that the case is worth. We don&#039;t settle for less.\" \/>\n<meta property=\"og:url\" content=\"https:\/\/shaevitzandshaevitz.com\/es\/todos-los-casos-van-a-juicio\/\" \/>\n<meta property=\"og:site_name\" content=\"Shaevitz &amp; Shaevitz Law Offices\" \/>\n<meta property=\"article:modified_time\" content=\"2021-01-27T09:12:22+00:00\" \/>\n<meta property=\"og:image\" content=\"https:\/\/shaevitzandshaevitz.com\/wp-content\/uploads\/2021\/01\/Do-All-Cases-Go-To-Trial-Queens-Injury-Attorneys-Shaevitz-Shaevitz.jpg\" \/>\n\t<meta property=\"og:image:width\" content=\"500\" \/>\n\t<meta property=\"og:image:height\" content=\"334\" \/>\n\t<meta property=\"og:image:type\" content=\"image\/jpeg\" \/>\n<meta name=\"twitter:card\" content=\"summary_large_image\" \/>\n<meta name=\"twitter:label1\" content=\"Tiempo de lectura\" \/>\n\t<meta name=\"twitter:data1\" content=\"1 minuto\" \/>\n<script type=\"application\/ld+json\" class=\"yoast-schema-graph\">{\"@context\":\"https:\/\/schema.org\",\"@graph\":[{\"@type\":\"WebPage\",\"@id\":\"https:\/\/shaevitzandshaevitz.com\/do-all-cases-go-to-trial\/\",\"url\":\"https:\/\/shaevitzandshaevitz.com\/do-all-cases-go-to-trial\/\",\"name\":\"Do All Cases Go To Trial? | Queens Injury Attorneys | Shaevitz & Shaevitz\",\"isPartOf\":{\"@id\":\"https:\/\/shaevitzandshaevitz.com\/#website\"},\"primaryImageOfPage\":{\"@id\":\"https:\/\/shaevitzandshaevitz.com\/do-all-cases-go-to-trial\/#primaryimage\"},\"image\":{\"@id\":\"https:\/\/shaevitzandshaevitz.com\/do-all-cases-go-to-trial\/#primaryimage\"},\"thumbnailUrl\":\"https:\/\/shaevitzandshaevitz.com\/wp-content\/uploads\/2021\/01\/Do-All-Cases-Go-To-Trial-Queens-Injury-Attorneys-Shaevitz-Shaevitz.jpg\",\"datePublished\":\"2021-01-04T16:46:34+00:00\",\"dateModified\":\"2021-01-27T09:12:22+00:00\",\"description\":\"Cases go to trial when the insurance company is not prepared to settle the case for the amount of money that the case is worth. We don't settle for less.\",\"breadcrumb\":{\"@id\":\"https:\/\/shaevitzandshaevitz.com\/do-all-cases-go-to-trial\/#breadcrumb\"},\"inLanguage\":\"es\",\"potentialAction\":[{\"@type\":\"ReadAction\",\"target\":[\"https:\/\/shaevitzandshaevitz.com\/do-all-cases-go-to-trial\/\"]}]},{\"@type\":\"ImageObject\",\"inLanguage\":\"es\",\"@id\":\"https:\/\/shaevitzandshaevitz.com\/do-all-cases-go-to-trial\/#primaryimage\",\"url\":\"https:\/\/shaevitzandshaevitz.com\/wp-content\/uploads\/2021\/01\/Do-All-Cases-Go-To-Trial-Queens-Injury-Attorneys-Shaevitz-Shaevitz.jpg\",\"contentUrl\":\"https:\/\/shaevitzandshaevitz.com\/wp-content\/uploads\/2021\/01\/Do-All-Cases-Go-To-Trial-Queens-Injury-Attorneys-Shaevitz-Shaevitz.jpg\",\"width\":500,\"height\":334,\"caption\":\"Do All Cases Go To Trial Queens Injury Attorneys Shaevitz & Shaevitz\"},{\"@type\":\"BreadcrumbList\",\"@id\":\"https:\/\/shaevitzandshaevitz.com\/do-all-cases-go-to-trial\/#breadcrumb\",\"itemListElement\":[{\"@type\":\"ListItem\",\"position\":1,\"name\":\"Home\",\"item\":\"https:\/\/shaevitzandshaevitz.com\/\"},{\"@type\":\"ListItem\",\"position\":2,\"name\":\"Do All Cases Go To Trial?\"}]},{\"@type\":\"WebSite\",\"@id\":\"https:\/\/shaevitzandshaevitz.com\/#website\",\"url\":\"https:\/\/shaevitzandshaevitz.com\/\",\"name\":\"Shaevitz &amp; Shaevitz Law Offices\",\"description\":\"Queens Injury Lawyers\",\"publisher\":{\"@id\":\"https:\/\/shaevitzandshaevitz.com\/#organization\"},\"potentialAction\":[{\"@type\":\"SearchAction\",\"target\":{\"@type\":\"EntryPoint\",\"urlTemplate\":\"https:\/\/shaevitzandshaevitz.com\/?s={search_term_string}\"},\"query-input\":{\"@type\":\"PropertyValueSpecification\",\"valueRequired\":true,\"valueName\":\"search_term_string\"}}],\"inLanguage\":\"es\"},{\"@type\":\"Organization\",\"@id\":\"https:\/\/shaevitzandshaevitz.com\/#organization\",\"name\":\"Shaevitz & Shaevitz Law Offices\",\"url\":\"https:\/\/shaevitzandshaevitz.com\/\",\"logo\":{\"@type\":\"ImageObject\",\"inLanguage\":\"es\",\"@id\":\"https:\/\/shaevitzandshaevitz.com\/#\/schema\/logo\/image\/\",\"url\":\"https:\/\/shaevitzandshaevitz.com\/wp-content\/uploads\/2021\/01\/Shaevitz-Shaevitz-Icon-scaled-e1609832556903.jpg\",\"contentUrl\":\"https:\/\/shaevitzandshaevitz.com\/wp-content\/uploads\/2021\/01\/Shaevitz-Shaevitz-Icon-scaled-e1609832556903.jpg\",\"width\":600,\"height\":600,\"caption\":\"Shaevitz & Shaevitz Law Offices\"},\"image\":{\"@id\":\"https:\/\/shaevitzandshaevitz.com\/#\/schema\/logo\/image\/\"}}]}<\/script>\n<!-- \/ Yoast SEO plugin. -->","yoast_head_json":{"title":"\u00bfTodos los casos van a juicio? | Shaevitz &amp; Shaevitz Abogados de Lesiones en Queens","description":"Los casos van a juicio cuando la compa\u00f1\u00eda de seguros no est\u00e1 dispuesta a llegar a un acuerdo por la cantidad de dinero que vale el caso. No nos conformamos con menos.","robots":{"index":"index","follow":"follow","max-snippet":"max-snippet:-1","max-image-preview":"max-image-preview:large","max-video-preview":"max-video-preview:-1"},"canonical":"https:\/\/shaevitzandshaevitz.com\/es\/todos-los-casos-van-a-juicio\/","og_locale":"es_ES","og_type":"article","og_title":"Do All Cases Go To Trial? | Queens Injury Attorneys | Shaevitz & Shaevitz","og_description":"Cases go to trial when the insurance company is not prepared to settle the case for the amount of money that the case is worth. We don't settle for less.","og_url":"https:\/\/shaevitzandshaevitz.com\/es\/todos-los-casos-van-a-juicio\/","og_site_name":"Shaevitz &amp; Shaevitz Law Offices","article_modified_time":"2021-01-27T09:12:22+00:00","og_image":[{"width":500,"height":334,"url":"https:\/\/shaevitzandshaevitz.com\/wp-content\/uploads\/2021\/01\/Do-All-Cases-Go-To-Trial-Queens-Injury-Attorneys-Shaevitz-Shaevitz.jpg","type":"image\/jpeg"}],"twitter_card":"summary_large_image","twitter_misc":{"Tiempo de lectura":"1 minuto"},"schema":{"@context":"https:\/\/schema.org","@graph":[{"@type":"WebPage","@id":"https:\/\/shaevitzandshaevitz.com\/do-all-cases-go-to-trial\/","url":"https:\/\/shaevitzandshaevitz.com\/do-all-cases-go-to-trial\/","name":"\u00bfTodos los casos van a juicio? | Shaevitz &amp; Shaevitz Abogados de Lesiones en Queens","isPartOf":{"@id":"https:\/\/shaevitzandshaevitz.com\/#website"},"primaryImageOfPage":{"@id":"https:\/\/shaevitzandshaevitz.com\/do-all-cases-go-to-trial\/#primaryimage"},"image":{"@id":"https:\/\/shaevitzandshaevitz.com\/do-all-cases-go-to-trial\/#primaryimage"},"thumbnailUrl":"https:\/\/shaevitzandshaevitz.com\/wp-content\/uploads\/2021\/01\/Do-All-Cases-Go-To-Trial-Queens-Injury-Attorneys-Shaevitz-Shaevitz.jpg","datePublished":"2021-01-04T16:46:34+00:00","dateModified":"2021-01-27T09:12:22+00:00","description":"Los casos van a juicio cuando la compa\u00f1\u00eda de seguros no est\u00e1 dispuesta a llegar a un acuerdo por la cantidad de dinero que vale el caso. No nos conformamos con menos.","breadcrumb":{"@id":"https:\/\/shaevitzandshaevitz.com\/do-all-cases-go-to-trial\/#breadcrumb"},"inLanguage":"es","potentialAction":[{"@type":"ReadAction","target":["https:\/\/shaevitzandshaevitz.com\/do-all-cases-go-to-trial\/"]}]},{"@type":"ImageObject","inLanguage":"es","@id":"https:\/\/shaevitzandshaevitz.com\/do-all-cases-go-to-trial\/#primaryimage","url":"https:\/\/shaevitzandshaevitz.com\/wp-content\/uploads\/2021\/01\/Do-All-Cases-Go-To-Trial-Queens-Injury-Attorneys-Shaevitz-Shaevitz.jpg","contentUrl":"https:\/\/shaevitzandshaevitz.com\/wp-content\/uploads\/2021\/01\/Do-All-Cases-Go-To-Trial-Queens-Injury-Attorneys-Shaevitz-Shaevitz.jpg","width":500,"height":334,"caption":"Do All Cases Go To Trial Queens Injury Attorneys Shaevitz & Shaevitz"},{"@type":"BreadcrumbList","@id":"https:\/\/shaevitzandshaevitz.com\/do-all-cases-go-to-trial\/#breadcrumb","itemListElement":[{"@type":"ListItem","position":1,"name":"Home","item":"https:\/\/shaevitzandshaevitz.com\/"},{"@type":"ListItem","position":2,"name":"Do All Cases Go To Trial?"}]},{"@type":"WebSite","@id":"https:\/\/shaevitzandshaevitz.com\/#website","url":"https:\/\/shaevitzandshaevitz.com\/","name":"Shaevitz &amp; Shaevitz Law Offices","description":"Abogados de lesiones de Queens","publisher":{"@id":"https:\/\/shaevitzandshaevitz.com\/#organization"},"potentialAction":[{"@type":"SearchAction","target":{"@type":"EntryPoint","urlTemplate":"https:\/\/shaevitzandshaevitz.com\/?s={search_term_string}"},"query-input":{"@type":"PropertyValueSpecification","valueRequired":true,"valueName":"search_term_string"}}],"inLanguage":"es"},{"@type":"Organization","@id":"https:\/\/shaevitzandshaevitz.com\/#organization","name":"Shaevitz &amp; Shaevitz Law Offices","url":"https:\/\/shaevitzandshaevitz.com\/","logo":{"@type":"ImageObject","inLanguage":"es","@id":"https:\/\/shaevitzandshaevitz.com\/#\/schema\/logo\/image\/","url":"https:\/\/shaevitzandshaevitz.com\/wp-content\/uploads\/2021\/01\/Shaevitz-Shaevitz-Icon-scaled-e1609832556903.jpg","contentUrl":"https:\/\/shaevitzandshaevitz.com\/wp-content\/uploads\/2021\/01\/Shaevitz-Shaevitz-Icon-scaled-e1609832556903.jpg","width":600,"height":600,"caption":"Shaevitz & Shaevitz Law Offices"},"image":{"@id":"https:\/\/shaevitzandshaevitz.com\/#\/schema\/logo\/image\/"}}]}},"_links":{"self":[{"href":"https:\/\/shaevitzandshaevitz.com\/es\/wp-json\/wp\/v2\/pages\/320","targetHints":{"allow":["GET"]}}],"collection":[{"href":"https:\/\/shaevitzandshaevitz.com\/es\/wp-json\/wp\/v2\/pages"}],"about":[{"href":"https:\/\/shaevitzandshaevitz.com\/es\/wp-json\/wp\/v2\/types\/page"}],"author":[{"embeddable":true,"href":"https:\/\/shaevitzandshaevitz.com\/es\/wp-json\/wp\/v2\/users\/6"}],"replies":[{"embeddable":true,"href":"https:\/\/shaevitzandshaevitz.com\/es\/wp-json\/wp\/v2\/comments?post=320"}],"version-history":[{"count":0,"href":"https:\/\/shaevitzandshaevitz.com\/es\/wp-json\/wp\/v2\/pages\/320\/revisions"}],"wp:featuredmedia":[{"embeddable":true,"href":"https:\/\/shaevitzandshaevitz.com\/es\/wp-json\/wp\/v2\/media\/603"}],"wp:attachment":[{"href":"https:\/\/shaevitzandshaevitz.com\/es\/wp-json\/wp\/v2\/media?parent=320"}],"curies":[{"name":"wp","href":"https:\/\/api.w.org\/{rel}","templated":true}]}}