{"id":14,"date":"2018-06-20T19:11:15","date_gmt":"2018-06-20T19:11:15","guid":{"rendered":"https:\/\/shaevitzandshaevitz.com\/?page_id=14"},"modified":"2025-09-11T13:52:32","modified_gmt":"2025-09-11T17:52:32","slug":"areas-de-practica","status":"publish","type":"page","link":"https:\/\/shaevitzandshaevitz.com\/es\/practice-areas\/","title":{"rendered":"\u00c1reas de pr\u00e1ctica"},"content":{"rendered":"<section class=\"section dark has-mask mask-arrow\" id=\"section_12532086\">\n\t\t<div class=\"section-bg fill\" >\n\t\t\t<img loading=\"lazy\" decoding=\"async\" width=\"1000\" height=\"636\" src=\"https:\/\/shaevitzandshaevitz.com\/wp-content\/uploads\/2020\/12\/Shaevitz-Shaevitz-Personal-Injury-Attorneys-in-Queens-NY.jpg\" class=\"bg attachment-original size-original\" alt=\"Shaevitz &amp; Shaevitz - Abogados de Lesiones Personales en Queens NY\" \/>\t\t\t\t\t\t<div class=\"section-bg-overlay absolute fill\"><\/div>\n\t\t\t\n\n\t\t<\/div>\n\n\t\t\n\n\t\t<div class=\"section-content relative\">\n\t\t\t\n\t<div id=\"gap-1735065141\" class=\"gap-element clearfix\" style=\"display:block; height:auto;\">\n\t\t\n<style>\n#gap-1735065141 {\n  padding-top: 30px;\n}\n<\/style>\n\t<\/div>\n\t\n<div class=\"container section-title-container\" ><h2 class=\"section-title section-title-center\"><b aria-hidden=\"true\"><\/b><span class=\"section-title-main\" style=\"font-size:130%;\">\u00c1reas de actividad<\/span><b aria-hidden=\"true\"><\/b><\/h2><\/div>\n<div class=\"row\"  id=\"row-1957070321\">\n\n\t<div id=\"col-422482539\" class=\"col medium-12 small-12 large-12\"  >\n\t\t\t\t<div class=\"col-inner\"  >\n\t\t\t\n\t\t\t\n<div class=\"row row-small\"  id=\"row-1749634992\">\n\n\t<div id=\"col-601098117\" class=\"col medium-4 small-12 large-4\"  >\n\t\t\t\t<div class=\"col-inner text-left text-shadow-5\"  >\n\t\t\t\n\t\t\t\n\t<div id=\"text-1617256156\" class=\"text\">\n\t\t\n<ul>\n<li class=\"bullet-arrow\"><span style=\"font-size: 120%;\"><a href=\"https:\/\/shaevitzandshaevitz.com\/es\/que-puede-hacer-por-usted-un-abogado-de-lesiones-personales-en-queens-ny\/\">Da\u00f1os corporales<\/a><\/span><\/li>\n<li class=\"bullet-arrow\"><span style=\"font-size: 120%;\"><a href=\"https:\/\/shaevitzandshaevitz.com\/es\/abogado-de-accidente-de-coche-en-queens-ny\/\">Accidentes de tr\u00e1fico<\/a><\/span><\/li>\n<li class=\"bullet-arrow\"><span style=\"font-size: 120%;\"><a href=\"https:\/\/shaevitzandshaevitz.com\/es\/accidente-de-camion-abogado-queens-ny\/\">Accidentes de camiones<\/a><\/span><\/li>\n<li class=\"bullet-arrow\"><span style=\"font-size: 120%;\"><a href=\"\/es\/accidente-de-motocicleta-abogado-queens-ny\/\">Accidentes de moto<\/a><\/span><\/li>\n<li class=\"bullet-arrow\"><span style=\"font-size: 120%;\"><a href=\"https:\/\/shaevitzandshaevitz.com\/es\/accidente-peatonal-abogado-queens-ny\/\">Accidentes de peatones<\/a><\/span><\/li>\n<li class=\"bullet-arrow\"><span style=\"font-size: 120%;\"><a href=\"https:\/\/shaevitzandshaevitz.com\/es\/uber-accidente-abogado-queens-ny\/\">Accidentes con Uber<\/a><\/span><\/li>\n<li class=\"bullet-arrow\"><span style=\"font-size: 120%;\"><a href=\"\/es\/responsabilidad-por-productos-defectuosos-abogado-queens-ny\/\">Responsabilidad por productos defectuosos<\/a><\/span><\/li>\n<\/ul>\n\t\t\n<style>\n#text-1617256156 {\n  text-align: left;\n}\n<\/style>\n\t<\/div>\n\t\n\t\t<\/div>\n\t\t\t\t\t<\/div>\n\n\t\n\n\t<div id=\"col-1490079647\" class=\"col medium-4 small-12 large-4\"  >\n\t\t\t\t<div class=\"col-inner text-shadow-5\"  >\n\t\t\t\n\t\t\t\n\t<div id=\"text-2988524222\" class=\"text\">\n\t\t\n<ul>\n<li class=\"bullet-arrow\"><span style=\"font-size: 120%;\"><a href=\"\/es\/accidente-de-autobus-abogado-queens-ny\/\">Accidentes de autob\u00fas<\/a><\/span><\/li>\n<li class=\"bullet-arrow\"><span style=\"font-size: 120%;\"><a href=\"\/es\/accidente-de-tren-abogado-queens-ny\/\">Accidentes ferroviarios<\/a><\/span><\/li>\n<li class=\"bullet-arrow\"><span style=\"font-size: 120%;\"><a href=\"\/es\/accidente-de-bicicleta-abogado-queens-ny\/\">Accidentes de bicicleta<\/a><\/span><\/li>\n<li class=\"bullet-arrow\"><span style=\"font-size: 120%;\"><a href=\"https:\/\/shaevitzandshaevitz.com\/es\/resbalones-y-caidas-abogados-queens-ny\/\">Lesiones por resbalones y ca\u00eddas<\/a><\/span><\/li>\n<li class=\"bullet-arrow\"><span style=\"font-size: 120%;\"><a href=\"\/es\/mordedura-de-perro-abogado-queens-ny\/\">Mordeduras de perro \/ Ataques de animales<\/a><\/span><\/li>\n<li class=\"bullet-arrow\"><span style=\"font-size: 120%;\"><a href=\"https:\/\/shaevitzandshaevitz.com\/es\/compensacion-de-trabajadores-abogado-queens-ny\/\">Indemnizaci\u00f3n por accidente laboral<\/a><\/span><\/li>\n<li class=\"bullet-arrow\"><span style=\"font-size: 120%;\"><a href=\"\/es\/abuso-en-residencias-de-ancianos-abogado-queens-ny\/\">Negligencia en residencias de ancianos<\/a><\/span><\/li>\n<\/ul>\n\t\t\n<style>\n#text-2988524222 {\n  text-align: left;\n}\n<\/style>\n\t<\/div>\n\t\n\t\t<\/div>\n\t\t\t\t\t<\/div>\n\n\t\n\n\t<div id=\"col-1701354668\" class=\"col medium-4 small-12 large-4\"  >\n\t\t\t\t<div class=\"col-inner text-shadow-5\"  >\n\t\t\t\n\t\t\t\n\t<div id=\"text-1487157252\" class=\"text\">\n\t\t\n<ul>\n<li class=\"bullet-arrow\"><span style=\"font-size: 120%;\"><a href=\"\/es\/accidente-de-construccion-abogado-queens-ny\/\">Accidentes en la construcci\u00f3n<\/a><\/span><\/li>\n<li class=\"bullet-arrow\"><span style=\"font-size: 120%;\"><a href=\"\/es\/negligencia-medica-abogado-queens-ny\/\">Negligencias m\u00e9dicas<\/a><\/span><\/li>\n<li class=\"bullet-arrow\"><span style=\"font-size: 120%;\"><a href=\"\/es\/abogado-de-lesiones-de-nacimiento-queens-ny\/\">Lesiones al nacer<\/a><\/span><\/li>\n<li class=\"bullet-arrow\"><span style=\"font-size: 120%;\"><a href=\"https:\/\/shaevitzandshaevitz.com\/es\/spine-injury-lawyer-queens-ny\/\">Lesiones medulares<\/a><\/span><\/li>\n<li class=\"bullet-arrow\"><span style=\"font-size: 120%;\"><a href=\"\/es\/lesiones-cerebrales-abogado-queens-ny\/\">Lesiones cerebrales traum\u00e1ticas<\/a><\/span><\/li>\n<li class=\"bullet-arrow\"><span style=\"font-size: 120%;\"><a href=\"https:\/\/shaevitzandshaevitz.com\/es\/muerte-por-negligencia-abogados-queens-ny\/\">Muerte por negligencia<\/a><\/span><\/li>\n<li class=\"bullet-arrow\"><span style=\"font-size: 120%;\"><a href=\"\/es\/sindrome-de-stevens-johnson-abogado-ciudad-de-nueva-york\/\">S\u00edndrome de Stevens-Johnson<\/a><\/span><\/li>\n<\/ul>\n\t\t\n<style>\n#text-1487157252 {\n  text-align: left;\n}\n<\/style>\n\t<\/div>\n\t\n\t\t<\/div>\n\t\t\t\t\t<\/div>\n\n\t\n<\/div>\n\t\t<\/div>\n\t\t\t\t\t<\/div>\n\n\t\n<\/div>\n<div class=\"row\"  id=\"row-475944964\">\n\n\t<div id=\"col-1005069872\" class=\"col small-12 large-12\"  >\n\t\t\t\t<div class=\"col-inner\"  >\n\t\t\t\n\t\t\t\n<div class=\"is-divider divider clearfix\" style=\"max-width:100%;height:2px;background-color:rgb(255, 255, 255);\"><\/div>\n\t\t<\/div>\n\t\t\t\t\n<style>\n#col-1005069872 > .col-inner {\n  margin: -30px 0px -30px 0px;\n}\n<\/style>\n\t<\/div>\n\n\t\n<\/div>\n\t\t<\/div>\n\n\t\t\n<style>\n#section_12532086 {\n  padding-top: 30px;\n  padding-bottom: 30px;\n  background-color: #0e4d92;\n}\n#section_12532086 .section-bg-overlay {\n  background-color: rgba(14, 77, 146, 0.93);\n}\n@media (min-width:550px) {\n  #section_12532086 {\n    padding-top: 30px;\n    padding-bottom: 30px;\n  }\n}\n<\/style>\n\t<\/section>\n\t\n<div class=\"message-box relative dark\" style=\"padding-top:36px;padding-bottom:36px;\"><div class=\"message-box-bg-image bg-fill fill\" ><\/div><div class=\"message-box-bg-overlay bg-fill fill\" style=\"background-color:rgb(14, 77, 146);\"><\/div><div class=\"container relative\"><div class=\"inner last-reset\">\n<div class=\"row align-middle\"  id=\"row-1103656113\">\n\n\t<div id=\"col-1437653981\" class=\"col medium-7 small-12 large-7\"  >\n\t\t\t\t<div class=\"col-inner\"  >\n\t\t\t\n\t\t\t\n<h2 class=\"uppercase\" style=\"text-align: left;\">VEA NUESTROS V\u00cdDEOS EDUCATIVOS SOBRE LESIONES<\/h2>\n<p style=\"text-align: left;\"><span style=\"font-size: 110%;\">Obtenga m\u00e1s informaci\u00f3n sobre sus derechos legales si ha sufrido lesiones en Nueva York viendo nuestros v\u00eddeos educativos sobre lesiones personales.<\/span><\/p>\n\t\t<\/div>\n\t\t\t\t\t<\/div>\n\n\t\n\n\t<div id=\"col-1265326722\" class=\"col medium-5 small-12 large-5\"  >\n\t\t\t\t<div class=\"col-inner text-right\"  >\n\t\t\t\n\t\t\t\n<a data-animate=\"flipInY\" href=\"https:\/\/shaevitzandshaevitz.com\/es\/videoteca\/\" class=\"button secondary is-bevel is-larger\" >\n\t\t<span>Vea nuestros v\u00eddeos<\/span>\n\t<\/a>\n\n\t\t<\/div>\n\t\t\t\t\t<\/div>\n\n\t\n<\/div>\n<\/div><\/div><\/div>\n\n\t<section class=\"section\" id=\"section_249467634\">\n\t\t<div class=\"section-bg fill\" >\n\t\t\t\t\t\t\t\t\t\n\t\t\t\n\n\t\t<\/div>\n\n\t\t\n\n\t\t<div class=\"section-content relative\">\n\t\t\t\n<div class=\"row row-collapse row-full-width\"  id=\"row-387226695\">\n\n\t<div id=\"col-684840323\" class=\"col small-12 large-12\"  >\n\t\t\t\t<div class=\"col-inner box-shadow-3 dark\"  >\n\t\t\t\n\t\t\t\n\n  <div class=\"banner has-hover\" id=\"banner-1909871245\">\n          <div class=\"banner-inner fill\">\n        <div class=\"banner-bg fill\" >\n            <img loading=\"lazy\" decoding=\"async\" width=\"11409\" height=\"3000\" src=\"https:\/\/shaevitzandshaevitz.com\/wp-content\/uploads\/2021\/01\/shutterstock_542062744.jpg\" class=\"bg attachment-original size-original\" alt=\"Shaevitz &amp; Shaevitz Law Offices - Jamaica Queens Abogados de Lesiones\" \/>                        <div class=\"overlay\"><\/div>            \n                    <\/div>\n\t\t\n        <div class=\"banner-layers container\">\n            <div class=\"fill banner-link\"><\/div>            \n   <div id=\"text-box-227903441\" class=\"text-box banner-layer x50 md-x90 lg-x90 y90 md-y50 lg-y50 res-text\">\n                     <div data-animate=\"flipInY\">           <div class=\"text-box-content text text-shadow-2\">\n              \n              <div class=\"text-inner text-center\">\n                  \n\n<div class=\"wpcf7 no-js\" id=\"wpcf7-f9-o1\" lang=\"en-US\" dir=\"ltr\" data-wpcf7-id=\"9\">\n<div class=\"screen-reader-response\"><p role=\"status\" aria-live=\"polite\" aria-atomic=\"true\"><\/p> <ul><\/ul><\/div>\n<form action=\"\/es\/wp-json\/wp\/v2\/pages\/14#wpcf7-f9-o1\" method=\"post\" class=\"wpcf7-form init\" aria-label=\"Formulario de contacto\" novalidate=\"novalidate\" data-status=\"init\" data-trp-original-action=\"\/es\/wp-json\/wp\/v2\/pages\/14#wpcf7-f9-o1\">\n<fieldset class=\"hidden-fields-container\"><input type=\"hidden\" name=\"_wpcf7\" value=\"9\" \/><input type=\"hidden\" name=\"_wpcf7_version\" value=\"6.1.5\" \/><input type=\"hidden\" name=\"_wpcf7_locale\" value=\"en_US\" \/><input type=\"hidden\" name=\"_wpcf7_unit_tag\" value=\"wpcf7-f9-o1\" \/><input type=\"hidden\" name=\"_wpcf7_container_post\" value=\"0\" \/><input type=\"hidden\" name=\"_wpcf7_posted_data_hash\" value=\"\" \/>\n<\/fieldset>\n<center>\n\t<h4>CONSULTA GRATUITA\n\t<\/h4>\n\t<p><span style=\"color: #ffffff;\">Rellene el siguiente formulario para solicitar una consulta confidencial gratuita.<\/span>\n\t<\/p>\n<\/center>\n<center>\n\t<p><span class=\"wpcf7-form-control-wrap\" data-name=\"your-name\"><input size=\"40\" maxlength=\"400\" class=\"wpcf7-form-control wpcf7-text wpcf7-validates-as-required\" aria-required=\"true\" aria-invalid=\"false\" placeholder=\"Nombre\" value=\"\" type=\"text\" name=\"your-name\" \/><\/span>\n\t<\/p>\n\t<p><span class=\"wpcf7-form-control-wrap\" data-name=\"your-email\"><input size=\"40\" maxlength=\"400\" class=\"wpcf7-form-control wpcf7-email wpcf7-validates-as-required wpcf7-text wpcf7-validates-as-email\" aria-required=\"true\" aria-invalid=\"false\" placeholder=\"Correo electr\u00f3nico\" value=\"\" type=\"email\" name=\"your-email\" \/><\/span>\n\t<\/p>\n\t<p><span class=\"wpcf7-form-control-wrap\" data-name=\"tel-545\"><input size=\"40\" maxlength=\"400\" class=\"wpcf7-form-control wpcf7-tel wpcf7-text wpcf7-validates-as-tel\" aria-invalid=\"false\" placeholder=\"Su n\u00famero de tel\u00e9fono\" value=\"\" type=\"tel\" name=\"tel-545\" \/><\/span>\n\t<\/p>\n\t<p><span class=\"wpcf7-form-control-wrap\" data-name=\"your-message\"><textarea cols=\"40\" rows=\"10\" maxlength=\"2000\" class=\"wpcf7-form-control wpcf7-textarea\" aria-invalid=\"false\" placeholder=\"\u00bfC\u00f3mo podemos ayudarle?\" name=\"your-message\"><\/textarea><\/span>\n\t<\/p>\n\t<p><input class=\"wpcf7-form-control wpcf7-submit has-spinner button\" type=\"submit\" value=\"Enviar solicitud\" \/>\n\t<\/p>\n<\/center><input\n                    class=\"apbct_special_field apbct_email_id__wp_contact_form_7\"\n                    name=\"apbct__email_id__wp_contact_form_7\"\n                    aria-label=\"apbct__label_id__wp_contact_form_7\"\n                    type=\"text\" size=\"30\" maxlength=\"200\" autocomplete=\"off\"\n                    value=\"\"\n                \/><div class=\"wpcf7-response-output\" aria-hidden=\"true\"><\/div>\n<input type=\"hidden\" name=\"trp-form-language\" value=\"es\"\/><\/form>\n<\/div>\n\n              <\/div>\n           <\/div>\n       <\/div>                     \n<style>\n#text-box-227903441 {\n  width: 90%;\n}\n#text-box-227903441 .text-box-content {\n  font-size: 120%;\n}\n@media (min-width:550px) {\n  #text-box-227903441 {\n    width: 80%;\n  }\n  #text-box-227903441 .text-box-content {\n    font-size: 110%;\n  }\n}\n@media (min-width:850px) {\n  #text-box-227903441 {\n    width: 36%;\n  }\n  #text-box-227903441 .text-box-content {\n    font-size: 110%;\n  }\n}\n<\/style>\n    <\/div>\n \n        <\/div>\n      <\/div>\n\n            \n<style>\n#banner-1909871245 {\n  padding-top: 600px;\n}\n#banner-1909871245 .overlay {\n  background-color: rgba(101, 194, 228, 0.47);\n}\n@media (min-width:550px) {\n  #banner-1909871245 {\n    padding-top: 650px;\n  }\n}\n@media (min-width:850px) {\n  #banner-1909871245 {\n    padding-top: 650px;\n  }\n}\n<\/style>\n  <\/div>\n\n\n\t\t<\/div>\n\t\t\t\t\t<\/div>\n\n\t\n<\/div>\n\t\t<\/div>\n\n\t\t\n<style>\n#section_249467634 {\n  padding-top: 30px;\n  padding-bottom: 30px;\n  background-color: #0e4d92;\n}\n<\/style>\n\t<\/section>","protected":false},"excerpt":{"rendered":"","protected":false},"author":5,"featured_media":589,"parent":0,"menu_order":0,"comment_status":"closed","ping_status":"closed","template":"page-blank.php","meta":{"rop_custom_images_group":[],"rop_custom_messages_group":[],"rop_publish_now":"initial","rop_publish_now_accounts":{"gmb_102881417945905937602_accounts\/102881417945905937602\/locations\/15518117445138064392":"","facebook_777675450006584_566514840033997":"","linkedin_AL8m-NxfCJ_11809911":"","twitter_1351917660339113984_1351917660339113984":""},"rop_publish_now_history":[],"rop_publish_now_status":"pending","footnotes":""},"class_list":["post-14","page","type-page","status-publish","has-post-thumbnail","hentry"],"yoast_head":"<!-- This site is optimized with the Yoast SEO plugin v27.1.1 - https:\/\/yoast.com\/product\/yoast-seo-wordpress\/ -->\n<title>Practice Areas | Shaevitz &amp; Shaevitz Law Offices | Queens Injury Lawyers<\/title>\n<meta name=\"description\" content=\"Shaevitz &amp; Shaevitz handles all types of personal injury cases in New York. Learn about our practice areas and how we can help you recover compensation.\" \/>\n<meta name=\"robots\" content=\"index, follow, max-snippet:-1, max-image-preview:large, max-video-preview:-1\" \/>\n<link rel=\"canonical\" href=\"https:\/\/shaevitzandshaevitz.com\/es\/areas-de-practica\/\" \/>\n<meta property=\"og:locale\" content=\"es_ES\" \/>\n<meta property=\"og:type\" content=\"article\" \/>\n<meta property=\"og:title\" content=\"Practice Areas | Shaevitz &amp; Shaevitz Law Offices | Queens Injury Lawyers\" \/>\n<meta property=\"og:description\" content=\"Shaevitz &amp; Shaevitz handles all types of personal injury cases in New York. Learn about our practice areas and how we can help you recover compensation.\" \/>\n<meta property=\"og:url\" content=\"https:\/\/shaevitzandshaevitz.com\/es\/areas-de-practica\/\" \/>\n<meta property=\"og:site_name\" content=\"Shaevitz &amp; Shaevitz Law Offices\" \/>\n<meta property=\"article:modified_time\" content=\"2025-09-11T17:52:32+00:00\" \/>\n<meta property=\"og:image\" content=\"https:\/\/shaevitzandshaevitz.com\/wp-content\/uploads\/2021\/01\/Practice-Areas-Shaevitz-Shaevitz-Law-Offices-Queens-Injury-Lawyers.jpg\" \/>\n\t<meta property=\"og:image:width\" content=\"500\" \/>\n\t<meta property=\"og:image:height\" content=\"334\" \/>\n\t<meta property=\"og:image:type\" content=\"image\/jpeg\" \/>\n<meta name=\"twitter:card\" content=\"summary_large_image\" \/>\n<meta name=\"twitter:label1\" content=\"Tiempo de lectura\" \/>\n\t<meta name=\"twitter:data1\" content=\"2 minutos\" \/>\n<script type=\"application\/ld+json\" class=\"yoast-schema-graph\">{\"@context\":\"https:\/\/schema.org\",\"@graph\":[{\"@type\":\"WebPage\",\"@id\":\"https:\/\/shaevitzandshaevitz.com\/practice-areas\/\",\"url\":\"https:\/\/shaevitzandshaevitz.com\/practice-areas\/\",\"name\":\"Practice Areas | Shaevitz & Shaevitz Law Offices | Queens Injury Lawyers\",\"isPartOf\":{\"@id\":\"https:\/\/shaevitzandshaevitz.com\/#website\"},\"primaryImageOfPage\":{\"@id\":\"https:\/\/shaevitzandshaevitz.com\/practice-areas\/#primaryimage\"},\"image\":{\"@id\":\"https:\/\/shaevitzandshaevitz.com\/practice-areas\/#primaryimage\"},\"thumbnailUrl\":\"https:\/\/shaevitzandshaevitz.com\/wp-content\/uploads\/2021\/01\/Practice-Areas-Shaevitz-Shaevitz-Law-Offices-Queens-Injury-Lawyers.jpg\",\"datePublished\":\"2018-06-20T19:11:15+00:00\",\"dateModified\":\"2025-09-11T17:52:32+00:00\",\"description\":\"Shaevitz & Shaevitz handles all types of personal injury cases in New York. Learn about our practice areas and how we can help you recover compensation.\",\"breadcrumb\":{\"@id\":\"https:\/\/shaevitzandshaevitz.com\/practice-areas\/#breadcrumb\"},\"inLanguage\":\"es\",\"potentialAction\":[{\"@type\":\"ReadAction\",\"target\":[\"https:\/\/shaevitzandshaevitz.com\/practice-areas\/\"]}]},{\"@type\":\"ImageObject\",\"inLanguage\":\"es\",\"@id\":\"https:\/\/shaevitzandshaevitz.com\/practice-areas\/#primaryimage\",\"url\":\"https:\/\/shaevitzandshaevitz.com\/wp-content\/uploads\/2021\/01\/Practice-Areas-Shaevitz-Shaevitz-Law-Offices-Queens-Injury-Lawyers.jpg\",\"contentUrl\":\"https:\/\/shaevitzandshaevitz.com\/wp-content\/uploads\/2021\/01\/Practice-Areas-Shaevitz-Shaevitz-Law-Offices-Queens-Injury-Lawyers.jpg\",\"width\":500,\"height\":334,\"caption\":\"Practice Areas Shaevitz & Shaevitz Law Offices Queens Injury Lawyers\"},{\"@type\":\"BreadcrumbList\",\"@id\":\"https:\/\/shaevitzandshaevitz.com\/practice-areas\/#breadcrumb\",\"itemListElement\":[{\"@type\":\"ListItem\",\"position\":1,\"name\":\"Home\",\"item\":\"https:\/\/shaevitzandshaevitz.com\/\"},{\"@type\":\"ListItem\",\"position\":2,\"name\":\"Practice Areas\"}]},{\"@type\":\"WebSite\",\"@id\":\"https:\/\/shaevitzandshaevitz.com\/#website\",\"url\":\"https:\/\/shaevitzandshaevitz.com\/\",\"name\":\"Shaevitz &amp; Shaevitz Law Offices\",\"description\":\"Queens Injury Lawyers\",\"publisher\":{\"@id\":\"https:\/\/shaevitzandshaevitz.com\/#organization\"},\"potentialAction\":[{\"@type\":\"SearchAction\",\"target\":{\"@type\":\"EntryPoint\",\"urlTemplate\":\"https:\/\/shaevitzandshaevitz.com\/?s={search_term_string}\"},\"query-input\":{\"@type\":\"PropertyValueSpecification\",\"valueRequired\":true,\"valueName\":\"search_term_string\"}}],\"inLanguage\":\"es\"},{\"@type\":\"Organization\",\"@id\":\"https:\/\/shaevitzandshaevitz.com\/#organization\",\"name\":\"Shaevitz & Shaevitz Law Offices\",\"url\":\"https:\/\/shaevitzandshaevitz.com\/\",\"logo\":{\"@type\":\"ImageObject\",\"inLanguage\":\"es\",\"@id\":\"https:\/\/shaevitzandshaevitz.com\/#\/schema\/logo\/image\/\",\"url\":\"https:\/\/shaevitzandshaevitz.com\/wp-content\/uploads\/2021\/01\/Shaevitz-Shaevitz-Icon-scaled-e1609832556903.jpg\",\"contentUrl\":\"https:\/\/shaevitzandshaevitz.com\/wp-content\/uploads\/2021\/01\/Shaevitz-Shaevitz-Icon-scaled-e1609832556903.jpg\",\"width\":600,\"height\":600,\"caption\":\"Shaevitz & Shaevitz Law Offices\"},\"image\":{\"@id\":\"https:\/\/shaevitzandshaevitz.com\/#\/schema\/logo\/image\/\"}}]}<\/script>\n<!-- \/ Yoast SEO plugin. -->","yoast_head_json":{"title":"\u00c1reas de Pr\u00e1ctica | Shaevitz &amp; Shaevitz Law Offices | Queens Injury Lawyers","description":"Shaevitz &amp; Shaevitz maneja todo tipo de casos de lesiones personales en Nueva York. Aprenda acerca de nuestras \u00e1reas de pr\u00e1ctica y c\u00f3mo podemos ayudarle a recuperar la compensaci\u00f3n.","robots":{"index":"index","follow":"follow","max-snippet":"max-snippet:-1","max-image-preview":"max-image-preview:large","max-video-preview":"max-video-preview:-1"},"canonical":"https:\/\/shaevitzandshaevitz.com\/es\/areas-de-practica\/","og_locale":"es_ES","og_type":"article","og_title":"Practice Areas | Shaevitz & Shaevitz Law Offices | Queens Injury Lawyers","og_description":"Shaevitz & Shaevitz handles all types of personal injury cases in New York. Learn about our practice areas and how we can help you recover compensation.","og_url":"https:\/\/shaevitzandshaevitz.com\/es\/areas-de-practica\/","og_site_name":"Shaevitz &amp; Shaevitz Law Offices","article_modified_time":"2025-09-11T17:52:32+00:00","og_image":[{"width":500,"height":334,"url":"https:\/\/shaevitzandshaevitz.com\/wp-content\/uploads\/2021\/01\/Practice-Areas-Shaevitz-Shaevitz-Law-Offices-Queens-Injury-Lawyers.jpg","type":"image\/jpeg"}],"twitter_card":"summary_large_image","twitter_misc":{"Tiempo de lectura":"2 minutos"},"schema":{"@context":"https:\/\/schema.org","@graph":[{"@type":"WebPage","@id":"https:\/\/shaevitzandshaevitz.com\/practice-areas\/","url":"https:\/\/shaevitzandshaevitz.com\/practice-areas\/","name":"\u00c1reas de Pr\u00e1ctica | Shaevitz &amp; Shaevitz Law Offices | Queens Injury Lawyers","isPartOf":{"@id":"https:\/\/shaevitzandshaevitz.com\/#website"},"primaryImageOfPage":{"@id":"https:\/\/shaevitzandshaevitz.com\/practice-areas\/#primaryimage"},"image":{"@id":"https:\/\/shaevitzandshaevitz.com\/practice-areas\/#primaryimage"},"thumbnailUrl":"https:\/\/shaevitzandshaevitz.com\/wp-content\/uploads\/2021\/01\/Practice-Areas-Shaevitz-Shaevitz-Law-Offices-Queens-Injury-Lawyers.jpg","datePublished":"2018-06-20T19:11:15+00:00","dateModified":"2025-09-11T17:52:32+00:00","description":"Shaevitz &amp; Shaevitz maneja todo tipo de casos de lesiones personales en Nueva York. Aprenda acerca de nuestras \u00e1reas de pr\u00e1ctica y c\u00f3mo podemos ayudarle a recuperar la compensaci\u00f3n.","breadcrumb":{"@id":"https:\/\/shaevitzandshaevitz.com\/practice-areas\/#breadcrumb"},"inLanguage":"es","potentialAction":[{"@type":"ReadAction","target":["https:\/\/shaevitzandshaevitz.com\/practice-areas\/"]}]},{"@type":"ImageObject","inLanguage":"es","@id":"https:\/\/shaevitzandshaevitz.com\/practice-areas\/#primaryimage","url":"https:\/\/shaevitzandshaevitz.com\/wp-content\/uploads\/2021\/01\/Practice-Areas-Shaevitz-Shaevitz-Law-Offices-Queens-Injury-Lawyers.jpg","contentUrl":"https:\/\/shaevitzandshaevitz.com\/wp-content\/uploads\/2021\/01\/Practice-Areas-Shaevitz-Shaevitz-Law-Offices-Queens-Injury-Lawyers.jpg","width":500,"height":334,"caption":"Practice Areas Shaevitz & Shaevitz Law Offices Queens Injury Lawyers"},{"@type":"BreadcrumbList","@id":"https:\/\/shaevitzandshaevitz.com\/practice-areas\/#breadcrumb","itemListElement":[{"@type":"ListItem","position":1,"name":"Home","item":"https:\/\/shaevitzandshaevitz.com\/"},{"@type":"ListItem","position":2,"name":"Practice Areas"}]},{"@type":"WebSite","@id":"https:\/\/shaevitzandshaevitz.com\/#website","url":"https:\/\/shaevitzandshaevitz.com\/","name":"Shaevitz &amp; Shaevitz Law Offices","description":"Abogados de lesiones de Queens","publisher":{"@id":"https:\/\/shaevitzandshaevitz.com\/#organization"},"potentialAction":[{"@type":"SearchAction","target":{"@type":"EntryPoint","urlTemplate":"https:\/\/shaevitzandshaevitz.com\/?s={search_term_string}"},"query-input":{"@type":"PropertyValueSpecification","valueRequired":true,"valueName":"search_term_string"}}],"inLanguage":"es"},{"@type":"Organization","@id":"https:\/\/shaevitzandshaevitz.com\/#organization","name":"Shaevitz &amp; Shaevitz Law Offices","url":"https:\/\/shaevitzandshaevitz.com\/","logo":{"@type":"ImageObject","inLanguage":"es","@id":"https:\/\/shaevitzandshaevitz.com\/#\/schema\/logo\/image\/","url":"https:\/\/shaevitzandshaevitz.com\/wp-content\/uploads\/2021\/01\/Shaevitz-Shaevitz-Icon-scaled-e1609832556903.jpg","contentUrl":"https:\/\/shaevitzandshaevitz.com\/wp-content\/uploads\/2021\/01\/Shaevitz-Shaevitz-Icon-scaled-e1609832556903.jpg","width":600,"height":600,"caption":"Shaevitz & Shaevitz Law Offices"},"image":{"@id":"https:\/\/shaevitzandshaevitz.com\/#\/schema\/logo\/image\/"}}]}},"_links":{"self":[{"href":"https:\/\/shaevitzandshaevitz.com\/es\/wp-json\/wp\/v2\/pages\/14","targetHints":{"allow":["GET"]}}],"collection":[{"href":"https:\/\/shaevitzandshaevitz.com\/es\/wp-json\/wp\/v2\/pages"}],"about":[{"href":"https:\/\/shaevitzandshaevitz.com\/es\/wp-json\/wp\/v2\/types\/page"}],"author":[{"embeddable":true,"href":"https:\/\/shaevitzandshaevitz.com\/es\/wp-json\/wp\/v2\/users\/5"}],"replies":[{"embeddable":true,"href":"https:\/\/shaevitzandshaevitz.com\/es\/wp-json\/wp\/v2\/comments?post=14"}],"version-history":[{"count":0,"href":"https:\/\/shaevitzandshaevitz.com\/es\/wp-json\/wp\/v2\/pages\/14\/revisions"}],"wp:featuredmedia":[{"embeddable":true,"href":"https:\/\/shaevitzandshaevitz.com\/es\/wp-json\/wp\/v2\/media\/589"}],"wp:attachment":[{"href":"https:\/\/shaevitzandshaevitz.com\/es\/wp-json\/wp\/v2\/media?parent=14"}],"curies":[{"name":"wp","href":"https:\/\/api.w.org\/{rel}","templated":true}]}}